{"id":4058,"date":"2016-08-24T15:50:38","date_gmt":"2016-08-24T15:50:38","guid":{"rendered":"https:\/\/b-tech.pt\/?post_type=product&#038;p=4058"},"modified":"2023-04-27T09:02:24","modified_gmt":"2023-04-27T09:02:24","slug":"4058","status":"publish","type":"product","link":"https:\/\/officeplan.pt\/pt\/produto\/4058\/","title":{"rendered":"Bengaleiro em a\u00e7o inox escovado com base em m\u00e1rmore, suporte para guarda- chuvas"},"content":{"rendered":"<p>Bengaleiro em a\u00e7o inox escovado com base em m\u00e1rmore, suporte para guarda- chuvas<\/p>\n<p>Bengaleiro \u00a0Ref. 17\/03 I<\/p>\n<p>Alt. x Diam.\/mm \u2013 1700\u00d7350<\/p>\n<p>Capacidade \u2013 8 Ganchos<\/p>\n<p>Peso \/ Kg \u2013 15,5<\/p>\n<p>Vol. M3 \u2013 0.208<\/p>\n<p>&nbsp;<\/p>\n<p>Outras Dimens\u00f5es, Cores de Pintura: Pre\u00e7o Sob Consulta<\/p>\n<p>Garantia: 3 Anos<\/p>\n<p>Prazo de Entrega Estimado: 2 a 3 Semanas<\/p>\n<p>&nbsp;<\/p>\n","protected":false},"excerpt":{"rendered":"<p>Bengaleiro em a\u00e7o inox escovado com base em m\u00e1rmore, suporte para guarda- chuvas Bengaleiro \u00a0Ref. 17\/03 I Alt. x Diam.\/mm<\/p>\n","protected":false},"featured_media":9103,"template":"","meta":[],"product_brand":[],"product_cat":[742,741],"product_tag":[468,490,530,491],"class_list":{"0":"post-4058","1":"product","2":"type-product","3":"status-publish","4":"has-post-thumbnail","6":"product_cat-bengaleiros-diversos-mobiliario-2","7":"product_cat-diversos-mobiliario-2","8":"product_tag-bengaleiro","9":"product_tag-casacos","10":"product_tag-escritorio","11":"product_tag-guarda-chuva","13":"first","14":"instock","15":"taxable","16":"shipping-taxable","17":"purchasable","18":"product-type-simple"},"aioseo_notices":[],"jetpack_sharing_enabled":true,"_links":{"self":[{"href":"https:\/\/officeplan.pt\/pt\/wp-json\/wp\/v2\/product\/4058","targetHints":{"allow":["GET"]}}],"collection":[{"href":"https:\/\/officeplan.pt\/pt\/wp-json\/wp\/v2\/product"}],"about":[{"href":"https:\/\/officeplan.pt\/pt\/wp-json\/wp\/v2\/types\/product"}],"version-history":[{"count":3,"href":"https:\/\/officeplan.pt\/pt\/wp-json\/wp\/v2\/product\/4058\/revisions"}],"predecessor-version":[{"id":10095,"href":"https:\/\/officeplan.pt\/pt\/wp-json\/wp\/v2\/product\/4058\/revisions\/10095"}],"wp:featuredmedia":[{"embeddable":true,"href":"https:\/\/officeplan.pt\/pt\/wp-json\/wp\/v2\/media\/9103"}],"wp:attachment":[{"href":"https:\/\/officeplan.pt\/pt\/wp-json\/wp\/v2\/media?parent=4058"}],"wp:term":[{"taxonomy":"product_brand","embeddable":true,"href":"https:\/\/officeplan.pt\/pt\/wp-json\/wp\/v2\/product_brand?post=4058"},{"taxonomy":"product_cat","embeddable":true,"href":"https:\/\/officeplan.pt\/pt\/wp-json\/wp\/v2\/product_cat?post=4058"},{"taxonomy":"product_tag","embeddable":true,"href":"https:\/\/officeplan.pt\/pt\/wp-json\/wp\/v2\/product_tag?post=4058"}],"curies":[{"name":"wp","href":"https:\/\/api.w.org\/{rel}","templated":true}]}}