{"id":4102,"date":"2016-08-24T20:46:45","date_gmt":"2016-08-24T20:46:45","guid":{"rendered":"https:\/\/b-tech.pt\/?post_type=product&#038;p=4102"},"modified":"2023-04-28T09:12:31","modified_gmt":"2023-04-28T09:12:31","slug":"4102","status":"publish","type":"product","link":"https:\/\/officeplan.pt\/pt\/produto\/4102\/","title":{"rendered":"Contentor individual de reciclagem seletiva com tampa, totalmente constru\u00eddo em a\u00e7o inox escovado"},"content":{"rendered":"<p>Contentor individual de reciclagem seletiva com tampa, totalmente constru\u00eddo em a\u00e7o inox escovado<\/p>\n<p>Ecoponto\u00a0 Ref. Eco \/ Uni I<\/p>\n<p>Alt. x Larg. x Frente mm \u2013 745x250x250<\/p>\n<p>Capacidade\/ L \u2013 45<\/p>\n<p>Peso \/ Kg \u2013 6<\/p>\n<p>Vol. M3 \u2013 0.047<\/p>\n<p>&nbsp;<\/p>\n<p>Outras Dimens\u00f5es, Cores de Pintura: Pre\u00e7o Sob Consulta<\/p>\n<p>Garantia: 3 Anos<\/p>\n<p>Prazo de Entrega Estimado: 2 a 3 Semanas<\/p>\n<p>&nbsp;<\/p>\n","protected":false},"excerpt":{"rendered":"<p>Contentor individual de reciclagem seletiva com tampa, totalmente constru\u00eddo em a\u00e7o inox escovado Ecoponto\u00a0 Ref. Eco \/ Uni I Alt.<\/p>\n","protected":false},"featured_media":9140,"template":"","meta":[],"product_brand":[],"product_cat":[741,749],"product_tag":[494,489],"class_list":{"0":"post-4102","1":"product","2":"type-product","3":"status-publish","4":"has-post-thumbnail","6":"product_cat-diversos-mobiliario-2","7":"product_cat-eco-diversos-mobiliario-2","8":"product_tag-eco-pontos","9":"product_tag-lixo","11":"first","12":"instock","13":"taxable","14":"shipping-taxable","15":"purchasable","16":"product-type-simple"},"aioseo_notices":[],"jetpack_sharing_enabled":true,"_links":{"self":[{"href":"https:\/\/officeplan.pt\/pt\/wp-json\/wp\/v2\/product\/4102","targetHints":{"allow":["GET"]}}],"collection":[{"href":"https:\/\/officeplan.pt\/pt\/wp-json\/wp\/v2\/product"}],"about":[{"href":"https:\/\/officeplan.pt\/pt\/wp-json\/wp\/v2\/types\/product"}],"version-history":[{"count":3,"href":"https:\/\/officeplan.pt\/pt\/wp-json\/wp\/v2\/product\/4102\/revisions"}],"predecessor-version":[{"id":10150,"href":"https:\/\/officeplan.pt\/pt\/wp-json\/wp\/v2\/product\/4102\/revisions\/10150"}],"wp:featuredmedia":[{"embeddable":true,"href":"https:\/\/officeplan.pt\/pt\/wp-json\/wp\/v2\/media\/9140"}],"wp:attachment":[{"href":"https:\/\/officeplan.pt\/pt\/wp-json\/wp\/v2\/media?parent=4102"}],"wp:term":[{"taxonomy":"product_brand","embeddable":true,"href":"https:\/\/officeplan.pt\/pt\/wp-json\/wp\/v2\/product_brand?post=4102"},{"taxonomy":"product_cat","embeddable":true,"href":"https:\/\/officeplan.pt\/pt\/wp-json\/wp\/v2\/product_cat?post=4102"},{"taxonomy":"product_tag","embeddable":true,"href":"https:\/\/officeplan.pt\/pt\/wp-json\/wp\/v2\/product_tag?post=4102"}],"curies":[{"name":"wp","href":"https:\/\/api.w.org\/{rel}","templated":true}]}}