{"id":4108,"date":"2016-08-24T21:46:49","date_gmt":"2016-08-24T21:46:49","guid":{"rendered":"https:\/\/b-tech.pt\/?post_type=product&#038;p=4108"},"modified":"2023-04-26T09:47:10","modified_gmt":"2023-04-26T09:47:10","slug":"4108","status":"publish","type":"product","link":"https:\/\/officeplan.pt\/pt\/produto\/4108\/","title":{"rendered":"Ecoponto de tr\u00eas unidades de reciclagem em chapa de a\u00e7o com pintura epoxy a qualquer cor com 3 recipientes interiores em pl\u00e1stico"},"content":{"rendered":"<p>Ecoponto de tr\u00eas unidades de reciclagem em chapa de a\u00e7o com pintura epoxy a qualquer cor com 3 recipientes interiores em pl\u00e1stico<\/p>\n<p>Ecoponto\u00a0 Ref. Eco 6 XL P<\/p>\n<p>Alt. x Larg. x Frente mm \u2013 530x380x665<\/p>\n<p>Capacidade\/ L \u2013 27 (cada contentor)<\/p>\n<p>Peso \/ Kg \u2013 11<\/p>\n<p>Vol. M3 \u2013 0.134<\/p>\n<p>&nbsp;<\/p>\n<p>Outras Dimens\u00f5es, Cores de Pintura: Pre\u00e7o Sob Consulta<\/p>\n<p>Garantia: 3 Anos<\/p>\n<p>Prazo de Entrega Estimado: 2 a 3 Semanas<\/p>\n<p>&nbsp;<\/p>\n","protected":false},"excerpt":{"rendered":"<p>Ecoponto de tr\u00eas unidades de reciclagem em chapa de a\u00e7o com pintura epoxy a qualquer cor com 3 recipientes interiores<\/p>\n","protected":false},"featured_media":9146,"template":"","meta":[],"product_brand":[],"product_cat":[741,749],"product_tag":[494,489],"class_list":{"0":"post-4108","1":"product","2":"type-product","3":"status-publish","4":"has-post-thumbnail","6":"product_cat-diversos-mobiliario-2","7":"product_cat-eco-diversos-mobiliario-2","8":"product_tag-eco-pontos","9":"product_tag-lixo","11":"first","12":"instock","13":"taxable","14":"shipping-taxable","15":"purchasable","16":"product-type-simple"},"aioseo_notices":[],"jetpack_sharing_enabled":true,"_links":{"self":[{"href":"https:\/\/officeplan.pt\/pt\/wp-json\/wp\/v2\/product\/4108","targetHints":{"allow":["GET"]}}],"collection":[{"href":"https:\/\/officeplan.pt\/pt\/wp-json\/wp\/v2\/product"}],"about":[{"href":"https:\/\/officeplan.pt\/pt\/wp-json\/wp\/v2\/types\/product"}],"version-history":[{"count":3,"href":"https:\/\/officeplan.pt\/pt\/wp-json\/wp\/v2\/product\/4108\/revisions"}],"predecessor-version":[{"id":10039,"href":"https:\/\/officeplan.pt\/pt\/wp-json\/wp\/v2\/product\/4108\/revisions\/10039"}],"wp:featuredmedia":[{"embeddable":true,"href":"https:\/\/officeplan.pt\/pt\/wp-json\/wp\/v2\/media\/9146"}],"wp:attachment":[{"href":"https:\/\/officeplan.pt\/pt\/wp-json\/wp\/v2\/media?parent=4108"}],"wp:term":[{"taxonomy":"product_brand","embeddable":true,"href":"https:\/\/officeplan.pt\/pt\/wp-json\/wp\/v2\/product_brand?post=4108"},{"taxonomy":"product_cat","embeddable":true,"href":"https:\/\/officeplan.pt\/pt\/wp-json\/wp\/v2\/product_cat?post=4108"},{"taxonomy":"product_tag","embeddable":true,"href":"https:\/\/officeplan.pt\/pt\/wp-json\/wp\/v2\/product_tag?post=4108"}],"curies":[{"name":"wp","href":"https:\/\/api.w.org\/{rel}","templated":true}]}}