{"id":4156,"date":"2016-08-25T11:56:22","date_gmt":"2016-08-25T11:56:22","guid":{"rendered":"https:\/\/b-tech.pt\/?post_type=product&#038;p=4156"},"modified":"2023-04-28T09:35:53","modified_gmt":"2023-04-28T09:35:53","slug":"sistema-de-cordao","status":"publish","type":"product","link":"https:\/\/officeplan.pt\/pt\/produto\/sistema-de-cordao\/","title":{"rendered":"Sistema de fita extensivel de fixa\u00e7\u00e3o \u00e0 parede em a\u00e7o inox escovado"},"content":{"rendered":"<p>Sistema de fita extensivel de fixa\u00e7\u00e3o \u00e0 parede em a\u00e7o inox escovado<\/p>\n<p>Sistema para parede\u00a0 Ref. 970\/ SX<\/p>\n<p>Alt. x Diam.\/mm \u2013 130&#215;65<\/p>\n<p>Capacidade \u2013 2.5<\/p>\n<p>Peso \/ Kg \u2013 1<\/p>\n<p>Vol. M3 \u2013 0.001<\/p>\n<p>&nbsp;<\/p>\n<p>Outras Dimens\u00f5es, Cores de Pintura: Pre\u00e7o Sob Consulta<\/p>\n<p>Garantia: 3 Anos<\/p>\n<p>Prazo de Entrega Estimado: 2 a 3 Semanas<\/p>\n","protected":false},"excerpt":{"rendered":"<p>Sistema de fita extensivel de fixa\u00e7\u00e3o \u00e0 parede em a\u00e7o inox escovado Sistema para parede\u00a0 Ref. 970\/ SX Alt. x<\/p>\n","protected":false},"featured_media":9193,"template":"","meta":[],"product_brand":[],"product_cat":[751,741],"product_tag":[500,501,388],"class_list":{"0":"post-4156","1":"product","2":"type-product","3":"status-publish","4":"has-post-thumbnail","6":"product_cat-colunas-separadoras-diversos-mobiliario-2","7":"product_cat-diversos-mobiliario-2","8":"product_tag-divisorias","9":"product_tag-espacos","10":"product_tag-sala-de-espera","12":"first","13":"instock","14":"taxable","15":"shipping-taxable","16":"purchasable","17":"product-type-simple"},"aioseo_notices":[],"jetpack_sharing_enabled":true,"_links":{"self":[{"href":"https:\/\/officeplan.pt\/pt\/wp-json\/wp\/v2\/product\/4156","targetHints":{"allow":["GET"]}}],"collection":[{"href":"https:\/\/officeplan.pt\/pt\/wp-json\/wp\/v2\/product"}],"about":[{"href":"https:\/\/officeplan.pt\/pt\/wp-json\/wp\/v2\/types\/product"}],"version-history":[{"count":3,"href":"https:\/\/officeplan.pt\/pt\/wp-json\/wp\/v2\/product\/4156\/revisions"}],"predecessor-version":[{"id":10155,"href":"https:\/\/officeplan.pt\/pt\/wp-json\/wp\/v2\/product\/4156\/revisions\/10155"}],"wp:featuredmedia":[{"embeddable":true,"href":"https:\/\/officeplan.pt\/pt\/wp-json\/wp\/v2\/media\/9193"}],"wp:attachment":[{"href":"https:\/\/officeplan.pt\/pt\/wp-json\/wp\/v2\/media?parent=4156"}],"wp:term":[{"taxonomy":"product_brand","embeddable":true,"href":"https:\/\/officeplan.pt\/pt\/wp-json\/wp\/v2\/product_brand?post=4156"},{"taxonomy":"product_cat","embeddable":true,"href":"https:\/\/officeplan.pt\/pt\/wp-json\/wp\/v2\/product_cat?post=4156"},{"taxonomy":"product_tag","embeddable":true,"href":"https:\/\/officeplan.pt\/pt\/wp-json\/wp\/v2\/product_tag?post=4156"}],"curies":[{"name":"wp","href":"https:\/\/api.w.org\/{rel}","templated":true}]}}