{"id":4162,"date":"2016-08-25T12:11:55","date_gmt":"2016-08-25T12:11:55","guid":{"rendered":"https:\/\/b-tech.pt\/?post_type=product&#038;p=4162"},"modified":"2023-04-27T08:28:45","modified_gmt":"2023-04-27T08:28:45","slug":"expositor-2","status":"publish","type":"product","link":"https:\/\/officeplan.pt\/pt\/produto\/expositor-2\/","title":{"rendered":"Expositor de informa\u00e7\u00e3o em a\u00e7o inox escovado"},"content":{"rendered":"<p>Expositor de informa\u00e7\u00e3o em a\u00e7o inox escovado<\/p>\n<p>Expositor de informa\u00e7\u00e3o Ref. EXP. 2 I<\/p>\n<p>Alt. x Diam.\/mm \u2013 1070&#215;340<\/p>\n<p>Capacidade\u00a0 \u2013 1 A4<\/p>\n<p>Peso \/ Kg \u2013 11<\/p>\n<p>Vol. M3 \u2013 0.124<\/p>\n<p>&nbsp;<\/p>\n<p>Outras Dimens\u00f5es, Cores de Pintura: Pre\u00e7o Sob Consulta<\/p>\n<p>Garantia: 3 Anos<\/p>\n<p>Prazo de Entrega Estimado: 2 a 3 Semanas<\/p>\n","protected":false},"excerpt":{"rendered":"<p>Expositor de informa\u00e7\u00e3o em a\u00e7o inox escovado Expositor de informa\u00e7\u00e3o Ref. EXP. 2 I Alt. x Diam.\/mm \u2013 1070&#215;340 Capacidade\u00a0<\/p>\n","protected":false},"featured_media":9199,"template":"","meta":[],"product_brand":[],"product_cat":[741,752],"product_tag":[507,508,506],"class_list":{"0":"post-4162","1":"product","2":"type-product","3":"status-publish","4":"has-post-thumbnail","6":"product_cat-diversos-mobiliario-2","7":"product_cat-diversos-diversos-mobiliario-2","8":"product_tag-expositor","9":"product_tag-informacao","10":"product_tag-sala","12":"first","13":"instock","14":"taxable","15":"shipping-taxable","16":"purchasable","17":"product-type-simple"},"aioseo_notices":[],"jetpack_sharing_enabled":true,"_links":{"self":[{"href":"https:\/\/officeplan.pt\/pt\/wp-json\/wp\/v2\/product\/4162","targetHints":{"allow":["GET"]}}],"collection":[{"href":"https:\/\/officeplan.pt\/pt\/wp-json\/wp\/v2\/product"}],"about":[{"href":"https:\/\/officeplan.pt\/pt\/wp-json\/wp\/v2\/types\/product"}],"version-history":[{"count":2,"href":"https:\/\/officeplan.pt\/pt\/wp-json\/wp\/v2\/product\/4162\/revisions"}],"predecessor-version":[{"id":10080,"href":"https:\/\/officeplan.pt\/pt\/wp-json\/wp\/v2\/product\/4162\/revisions\/10080"}],"wp:featuredmedia":[{"embeddable":true,"href":"https:\/\/officeplan.pt\/pt\/wp-json\/wp\/v2\/media\/9199"}],"wp:attachment":[{"href":"https:\/\/officeplan.pt\/pt\/wp-json\/wp\/v2\/media?parent=4162"}],"wp:term":[{"taxonomy":"product_brand","embeddable":true,"href":"https:\/\/officeplan.pt\/pt\/wp-json\/wp\/v2\/product_brand?post=4162"},{"taxonomy":"product_cat","embeddable":true,"href":"https:\/\/officeplan.pt\/pt\/wp-json\/wp\/v2\/product_cat?post=4162"},{"taxonomy":"product_tag","embeddable":true,"href":"https:\/\/officeplan.pt\/pt\/wp-json\/wp\/v2\/product_tag?post=4162"}],"curies":[{"name":"wp","href":"https:\/\/api.w.org\/{rel}","templated":true}]}}