{"id":4164,"date":"2016-08-25T12:19:56","date_gmt":"2016-08-25T12:19:56","guid":{"rendered":"https:\/\/b-tech.pt\/?post_type=product&#038;p=4164"},"modified":"2023-04-26T19:30:12","modified_gmt":"2023-04-26T19:30:12","slug":"4164","status":"publish","type":"product","link":"https:\/\/officeplan.pt\/pt\/produto\/4164\/","title":{"rendered":"Floreira quadrada em formato c\u00f3nico totalmente em chapa de a\u00e7o corten *"},"content":{"rendered":"<p>Floreira quadrada em formato c\u00f3nico totalmente em chapa de a\u00e7o corten *<\/p>\n<p>Floreira Ref. Cort\u00e9n 2<\/p>\n<p>Alt. x Larg. x Frente mm<br \/>\nCima &#8211; 615X450X450<br \/>\nBaixo &#8211; 615X255X255<\/p>\n<p>Capacidade\/ L \u2013 70<\/p>\n<p>Peso \/ Kg \u2013 14<\/p>\n<p>Vol. M3 \u2013 0.111<\/p>\n<p>&nbsp;<\/p>\n<p>Outras Dimens\u00f5es, Cores de Pintura: Pre\u00e7o Sob Consulta<\/p>\n<p>Garantia: 3 Anos<\/p>\n<p>Prazo de Entrega Estimado: 2 a 3 Semanas<\/p>\n<p>&nbsp;<\/p>\n","protected":false},"excerpt":{"rendered":"<p>Floreira quadrada em formato c\u00f3nico totalmente em chapa de a\u00e7o corten * Floreira Ref. Cort\u00e9n 2 Alt. x Larg. x<\/p>\n","protected":false},"featured_media":9201,"template":"","meta":[],"product_brand":[],"product_cat":[741,750],"product_tag":[496,493,495],"class_list":{"0":"post-4164","1":"product","2":"type-product","3":"status-publish","4":"has-post-thumbnail","6":"product_cat-diversos-mobiliario-2","7":"product_cat-floreiras-diversos-mobiliario-2","8":"product_tag-flores","9":"product_tag-jardim","10":"product_tag-vasos","12":"first","13":"instock","14":"taxable","15":"shipping-taxable","16":"purchasable","17":"product-type-simple"},"aioseo_notices":[],"jetpack_sharing_enabled":true,"_links":{"self":[{"href":"https:\/\/officeplan.pt\/pt\/wp-json\/wp\/v2\/product\/4164","targetHints":{"allow":["GET"]}}],"collection":[{"href":"https:\/\/officeplan.pt\/pt\/wp-json\/wp\/v2\/product"}],"about":[{"href":"https:\/\/officeplan.pt\/pt\/wp-json\/wp\/v2\/types\/product"}],"version-history":[{"count":2,"href":"https:\/\/officeplan.pt\/pt\/wp-json\/wp\/v2\/product\/4164\/revisions"}],"predecessor-version":[{"id":10070,"href":"https:\/\/officeplan.pt\/pt\/wp-json\/wp\/v2\/product\/4164\/revisions\/10070"}],"wp:featuredmedia":[{"embeddable":true,"href":"https:\/\/officeplan.pt\/pt\/wp-json\/wp\/v2\/media\/9201"}],"wp:attachment":[{"href":"https:\/\/officeplan.pt\/pt\/wp-json\/wp\/v2\/media?parent=4164"}],"wp:term":[{"taxonomy":"product_brand","embeddable":true,"href":"https:\/\/officeplan.pt\/pt\/wp-json\/wp\/v2\/product_brand?post=4164"},{"taxonomy":"product_cat","embeddable":true,"href":"https:\/\/officeplan.pt\/pt\/wp-json\/wp\/v2\/product_cat?post=4164"},{"taxonomy":"product_tag","embeddable":true,"href":"https:\/\/officeplan.pt\/pt\/wp-json\/wp\/v2\/product_tag?post=4164"}],"curies":[{"name":"wp","href":"https:\/\/api.w.org\/{rel}","templated":true}]}}