{"id":4196,"date":"2016-08-25T13:09:17","date_gmt":"2016-08-25T13:09:17","guid":{"rendered":"https:\/\/b-tech.pt\/?post_type=product&#038;p=4196"},"modified":"2023-04-27T08:41:59","modified_gmt":"2023-04-27T08:41:59","slug":"pa-limpeza","status":"publish","type":"product","link":"https:\/\/officeplan.pt\/pt\/produto\/pa-limpeza\/","title":{"rendered":"P\u00e1 em aluminio com cabo reto"},"content":{"rendered":"<p>P\u00e1 em aluminio com cabo reto<\/p>\n<p>P\u00e1 de limpeza em alum\u00ednio ref. ALP 1<\/p>\n<p>Alt. x Larg. x Frente mm \u2013 670x295x330<\/p>\n<p>Capacidade\/ L \u2013<\/p>\n<p>Peso \/ Kg \u2013 1<\/p>\n<p>Vol. M3 \u2013 0.085<\/p>\n<p>&nbsp;<\/p>\n<p>Outras Dimens\u00f5es, Cores de Pintura: Pre\u00e7o Sob Consulta<\/p>\n<p>Garantia: 3 Anos<\/p>\n<p>Prazo de Entrega Estimado: 2 a 3 Semanas<\/p>\n","protected":false},"excerpt":{"rendered":"<p>P\u00e1 em aluminio com cabo reto P\u00e1 de limpeza em alum\u00ednio ref. ALP 1 Alt. x Larg. x Frente mm<\/p>\n","protected":false},"featured_media":9233,"template":"","meta":[],"product_brand":[],"product_cat":[741,752],"product_tag":[524,489,525],"class_list":{"0":"post-4196","1":"product","2":"type-product","3":"status-publish","4":"has-post-thumbnail","6":"product_cat-diversos-mobiliario-2","7":"product_cat-diversos-diversos-mobiliario-2","8":"product_tag-limpeza","9":"product_tag-lixo","10":"product_tag-ruas","12":"first","13":"instock","14":"taxable","15":"shipping-taxable","16":"purchasable","17":"product-type-simple"},"aioseo_notices":[],"jetpack_sharing_enabled":true,"_links":{"self":[{"href":"https:\/\/officeplan.pt\/pt\/wp-json\/wp\/v2\/product\/4196","targetHints":{"allow":["GET"]}}],"collection":[{"href":"https:\/\/officeplan.pt\/pt\/wp-json\/wp\/v2\/product"}],"about":[{"href":"https:\/\/officeplan.pt\/pt\/wp-json\/wp\/v2\/types\/product"}],"version-history":[{"count":3,"href":"https:\/\/officeplan.pt\/pt\/wp-json\/wp\/v2\/product\/4196\/revisions"}],"predecessor-version":[{"id":10088,"href":"https:\/\/officeplan.pt\/pt\/wp-json\/wp\/v2\/product\/4196\/revisions\/10088"}],"wp:featuredmedia":[{"embeddable":true,"href":"https:\/\/officeplan.pt\/pt\/wp-json\/wp\/v2\/media\/9233"}],"wp:attachment":[{"href":"https:\/\/officeplan.pt\/pt\/wp-json\/wp\/v2\/media?parent=4196"}],"wp:term":[{"taxonomy":"product_brand","embeddable":true,"href":"https:\/\/officeplan.pt\/pt\/wp-json\/wp\/v2\/product_brand?post=4196"},{"taxonomy":"product_cat","embeddable":true,"href":"https:\/\/officeplan.pt\/pt\/wp-json\/wp\/v2\/product_cat?post=4196"},{"taxonomy":"product_tag","embeddable":true,"href":"https:\/\/officeplan.pt\/pt\/wp-json\/wp\/v2\/product_tag?post=4196"}],"curies":[{"name":"wp","href":"https:\/\/api.w.org\/{rel}","templated":true}]}}