{"id":4198,"date":"2016-08-25T14:53:53","date_gmt":"2016-08-25T14:53:53","guid":{"rendered":"https:\/\/b-tech.pt\/?post_type=product&#038;p=4198"},"modified":"2023-01-29T17:24:26","modified_gmt":"2023-01-29T17:24:26","slug":"president","status":"publish","type":"product","link":"https:\/\/officeplan.pt\/pt\/produto\/president\/","title":{"rendered":"President"},"content":{"rendered":"<p>Secret\u00e1ria President<br \/>\nTampo\u00a0em madeira<br \/>\nEstrutura met\u00e1lica com pain\u00e9is em madeira<\/p>\n<p>Dispon\u00edvel nas medidas:<br \/>\n2200x1000x750<br \/>\n2400x1100x750<\/p>\n<p>&nbsp;<\/p>\n<p>&nbsp;<\/p>\n","protected":false},"excerpt":{"rendered":"<p>Secret\u00e1ria President Tampo\u00a0em madeira Estrutura met\u00e1lica com pain\u00e9is em madeira Dispon\u00edvel nas medidas: 2200x1000x750 2400x1100x750 &nbsp; &nbsp;<\/p>\n","protected":false},"featured_media":9235,"template":"","meta":[],"product_brand":[],"product_cat":[103,753,754],"product_tag":[530,529,534,537,536,531,532,533,535],"class_list":{"0":"post-4198","1":"product","2":"type-product","3":"status-publish","4":"has-post-thumbnail","6":"product_cat-mobiliario","7":"product_cat-mobiliario-de-escritorio-mobiliario","8":"product_cat-mobiliario-direcao-mobiliario-de-escritorio-mobiliario","9":"product_tag-escritorio","10":"product_tag-mobiliario","11":"product_tag-mobiliario-escritorio","12":"product_tag-president","13":"product_tag-secretaria","14":"product_tag-secretaria-direcao","15":"product_tag-secretaria-diretiva","16":"product_tag-secretaria-escritorio","17":"product_tag-secretaria-president","19":"first","20":"instock","21":"featured","22":"taxable","23":"shipping-taxable","24":"purchasable","25":"product-type-simple"},"aioseo_notices":[],"jetpack_sharing_enabled":true,"_links":{"self":[{"href":"https:\/\/officeplan.pt\/pt\/wp-json\/wp\/v2\/product\/4198","targetHints":{"allow":["GET"]}}],"collection":[{"href":"https:\/\/officeplan.pt\/pt\/wp-json\/wp\/v2\/product"}],"about":[{"href":"https:\/\/officeplan.pt\/pt\/wp-json\/wp\/v2\/types\/product"}],"version-history":[{"count":1,"href":"https:\/\/officeplan.pt\/pt\/wp-json\/wp\/v2\/product\/4198\/revisions"}],"predecessor-version":[{"id":9234,"href":"https:\/\/officeplan.pt\/pt\/wp-json\/wp\/v2\/product\/4198\/revisions\/9234"}],"wp:featuredmedia":[{"embeddable":true,"href":"https:\/\/officeplan.pt\/pt\/wp-json\/wp\/v2\/media\/9235"}],"wp:attachment":[{"href":"https:\/\/officeplan.pt\/pt\/wp-json\/wp\/v2\/media?parent=4198"}],"wp:term":[{"taxonomy":"product_brand","embeddable":true,"href":"https:\/\/officeplan.pt\/pt\/wp-json\/wp\/v2\/product_brand?post=4198"},{"taxonomy":"product_cat","embeddable":true,"href":"https:\/\/officeplan.pt\/pt\/wp-json\/wp\/v2\/product_cat?post=4198"},{"taxonomy":"product_tag","embeddable":true,"href":"https:\/\/officeplan.pt\/pt\/wp-json\/wp\/v2\/product_tag?post=4198"}],"curies":[{"name":"wp","href":"https:\/\/api.w.org\/{rel}","templated":true}]}}