{"id":4200,"date":"2016-08-25T14:58:57","date_gmt":"2016-08-25T14:58:57","guid":{"rendered":"https:\/\/b-tech.pt\/?post_type=product&#038;p=4200"},"modified":"2023-01-29T17:24:27","modified_gmt":"2023-01-29T17:24:27","slug":"president-com-personalizacao","status":"publish","type":"product","link":"https:\/\/officeplan.pt\/pt\/produto\/president-com-personalizacao\/","title":{"rendered":"President"},"content":{"rendered":"<p>Secret\u00e1ria President<br \/>\nTampo\u00a0em madeira com personaliza\u00e7\u00e3o<br \/>\nEstrutura met\u00e1lica com pain\u00e9is em madeira<\/p>\n<p>Dispon\u00edvel nas medidas:<br \/>\n2200x1000x750<br \/>\n2400x1100x750<\/p>\n","protected":false},"excerpt":{"rendered":"<p>Secret\u00e1ria President Tampo\u00a0em madeira com personaliza\u00e7\u00e3o Estrutura met\u00e1lica com pain\u00e9is em madeira Dispon\u00edvel nas medidas: 2200x1000x750 2400x1100x750<\/p>\n","protected":false},"featured_media":9239,"template":"","meta":[],"product_brand":[],"product_cat":[103,753,754],"product_tag":[530,534,537,506,531,532,535],"class_list":{"0":"post-4200","1":"product","2":"type-product","3":"status-publish","4":"has-post-thumbnail","6":"product_cat-mobiliario","7":"product_cat-mobiliario-de-escritorio-mobiliario","8":"product_cat-mobiliario-direcao-mobiliario-de-escritorio-mobiliario","9":"product_tag-escritorio","10":"product_tag-mobiliario-escritorio","11":"product_tag-president","12":"product_tag-sala","13":"product_tag-secretaria-direcao","14":"product_tag-secretaria-diretiva","15":"product_tag-secretaria-president","17":"first","18":"instock","19":"taxable","20":"shipping-taxable","21":"purchasable","22":"product-type-simple"},"aioseo_notices":[],"jetpack_sharing_enabled":true,"_links":{"self":[{"href":"https:\/\/officeplan.pt\/pt\/wp-json\/wp\/v2\/product\/4200","targetHints":{"allow":["GET"]}}],"collection":[{"href":"https:\/\/officeplan.pt\/pt\/wp-json\/wp\/v2\/product"}],"about":[{"href":"https:\/\/officeplan.pt\/pt\/wp-json\/wp\/v2\/types\/product"}],"version-history":[{"count":1,"href":"https:\/\/officeplan.pt\/pt\/wp-json\/wp\/v2\/product\/4200\/revisions"}],"predecessor-version":[{"id":9238,"href":"https:\/\/officeplan.pt\/pt\/wp-json\/wp\/v2\/product\/4200\/revisions\/9238"}],"wp:featuredmedia":[{"embeddable":true,"href":"https:\/\/officeplan.pt\/pt\/wp-json\/wp\/v2\/media\/9239"}],"wp:attachment":[{"href":"https:\/\/officeplan.pt\/pt\/wp-json\/wp\/v2\/media?parent=4200"}],"wp:term":[{"taxonomy":"product_brand","embeddable":true,"href":"https:\/\/officeplan.pt\/pt\/wp-json\/wp\/v2\/product_brand?post=4200"},{"taxonomy":"product_cat","embeddable":true,"href":"https:\/\/officeplan.pt\/pt\/wp-json\/wp\/v2\/product_cat?post=4200"},{"taxonomy":"product_tag","embeddable":true,"href":"https:\/\/officeplan.pt\/pt\/wp-json\/wp\/v2\/product_tag?post=4200"}],"curies":[{"name":"wp","href":"https:\/\/api.w.org\/{rel}","templated":true}]}}