{"id":4205,"date":"2016-08-25T15:11:16","date_gmt":"2016-08-25T15:11:16","guid":{"rendered":"https:\/\/b-tech.pt\/?post_type=product&#038;p=4205"},"modified":"2023-01-29T17:24:27","modified_gmt":"2023-01-29T17:24:27","slug":"president-armario","status":"publish","type":"product","link":"https:\/\/officeplan.pt\/pt\/produto\/president-armario\/","title":{"rendered":"President"},"content":{"rendered":"<p>Secret\u00e1ria President + arm\u00e1rio portas em lacado<br \/>\nTampo\u00a0em madeira<br \/>\nEstrutura met\u00e1lica com pain\u00e9is em madeira<\/p>\n<p>Dispon\u00edvel nas medidas:<br \/>\n2200x1000x750 + 2290x574x586<br \/>\n2400x1100x750 + 2290x574x586<\/p>\n","protected":false},"excerpt":{"rendered":"<p>Secret\u00e1ria President + arm\u00e1rio portas em lacado Tampo\u00a0em madeira Estrutura met\u00e1lica com pain\u00e9is em madeira Dispon\u00edvel nas medidas: 2200x1000x750 +<\/p>\n","protected":false},"featured_media":9242,"template":"","meta":[],"product_brand":[],"product_cat":[103,753,754],"product_tag":[530,534,537,506,531,532,533,535],"class_list":{"0":"post-4205","1":"product","2":"type-product","3":"status-publish","4":"has-post-thumbnail","6":"product_cat-mobiliario","7":"product_cat-mobiliario-de-escritorio-mobiliario","8":"product_cat-mobiliario-direcao-mobiliario-de-escritorio-mobiliario","9":"product_tag-escritorio","10":"product_tag-mobiliario-escritorio","11":"product_tag-president","12":"product_tag-sala","13":"product_tag-secretaria-direcao","14":"product_tag-secretaria-diretiva","15":"product_tag-secretaria-escritorio","16":"product_tag-secretaria-president","18":"first","19":"instock","20":"taxable","21":"shipping-taxable","22":"purchasable","23":"product-type-simple"},"aioseo_notices":[],"jetpack_sharing_enabled":true,"_links":{"self":[{"href":"https:\/\/officeplan.pt\/pt\/wp-json\/wp\/v2\/product\/4205","targetHints":{"allow":["GET"]}}],"collection":[{"href":"https:\/\/officeplan.pt\/pt\/wp-json\/wp\/v2\/product"}],"about":[{"href":"https:\/\/officeplan.pt\/pt\/wp-json\/wp\/v2\/types\/product"}],"version-history":[{"count":1,"href":"https:\/\/officeplan.pt\/pt\/wp-json\/wp\/v2\/product\/4205\/revisions"}],"predecessor-version":[{"id":9241,"href":"https:\/\/officeplan.pt\/pt\/wp-json\/wp\/v2\/product\/4205\/revisions\/9241"}],"wp:featuredmedia":[{"embeddable":true,"href":"https:\/\/officeplan.pt\/pt\/wp-json\/wp\/v2\/media\/9242"}],"wp:attachment":[{"href":"https:\/\/officeplan.pt\/pt\/wp-json\/wp\/v2\/media?parent=4205"}],"wp:term":[{"taxonomy":"product_brand","embeddable":true,"href":"https:\/\/officeplan.pt\/pt\/wp-json\/wp\/v2\/product_brand?post=4205"},{"taxonomy":"product_cat","embeddable":true,"href":"https:\/\/officeplan.pt\/pt\/wp-json\/wp\/v2\/product_cat?post=4205"},{"taxonomy":"product_tag","embeddable":true,"href":"https:\/\/officeplan.pt\/pt\/wp-json\/wp\/v2\/product_tag?post=4205"}],"curies":[{"name":"wp","href":"https:\/\/api.w.org\/{rel}","templated":true}]}}