{"id":4226,"date":"2016-08-25T22:50:51","date_gmt":"2016-08-25T22:50:51","guid":{"rendered":"https:\/\/b-tech.pt\/?post_type=product&#038;p=4226"},"modified":"2023-01-29T17:24:31","modified_gmt":"2023-01-29T17:24:31","slug":"taxus-3","status":"publish","type":"product","link":"https:\/\/officeplan.pt\/pt\/produto\/taxus-3\/","title":{"rendered":"Taxus"},"content":{"rendered":"<p>Mesa de reuni\u00e3o quadrada p\u00e9 em cruz.<\/p>\n<p>Totalmente em melamina<\/p>\n<p>Medidas dispon\u00edveis:<\/p>\n<p>1000x1000x740<br \/>\n1200x1200x740<\/p>\n","protected":false},"excerpt":{"rendered":"<p>Mesa de reuni\u00e3o quadrada p\u00e9 em cruz. Totalmente em melamina Medidas dispon\u00edveis: 1000x1000x740 1200x1200x740<\/p>\n","protected":false},"featured_media":9252,"template":"","meta":[],"product_brand":[],"product_cat":[755,103,753],"product_tag":[544,529,539,538,506,541,540],"class_list":{"0":"post-4226","1":"product","2":"type-product","3":"status-publish","4":"has-post-thumbnail","6":"product_cat-mesa-reuniao-mobiliario-de-escritorio-mobiliario","7":"product_cat-mobiliario","8":"product_cat-mobiliario-de-escritorio-mobiliario","9":"product_tag-mesa-de-reuniao","10":"product_tag-mobiliario","11":"product_tag-mobiliario-de-escritorio","12":"product_tag-reuniao","13":"product_tag-sala","14":"product_tag-secretaria-taxus","15":"product_tag-taxus","17":"first","18":"instock","19":"taxable","20":"shipping-taxable","21":"purchasable","22":"product-type-simple"},"aioseo_notices":[],"jetpack_sharing_enabled":true,"_links":{"self":[{"href":"https:\/\/officeplan.pt\/pt\/wp-json\/wp\/v2\/product\/4226","targetHints":{"allow":["GET"]}}],"collection":[{"href":"https:\/\/officeplan.pt\/pt\/wp-json\/wp\/v2\/product"}],"about":[{"href":"https:\/\/officeplan.pt\/pt\/wp-json\/wp\/v2\/types\/product"}],"version-history":[{"count":1,"href":"https:\/\/officeplan.pt\/pt\/wp-json\/wp\/v2\/product\/4226\/revisions"}],"predecessor-version":[{"id":9261,"href":"https:\/\/officeplan.pt\/pt\/wp-json\/wp\/v2\/product\/4226\/revisions\/9261"}],"wp:featuredmedia":[{"embeddable":true,"href":"https:\/\/officeplan.pt\/pt\/wp-json\/wp\/v2\/media\/9252"}],"wp:attachment":[{"href":"https:\/\/officeplan.pt\/pt\/wp-json\/wp\/v2\/media?parent=4226"}],"wp:term":[{"taxonomy":"product_brand","embeddable":true,"href":"https:\/\/officeplan.pt\/pt\/wp-json\/wp\/v2\/product_brand?post=4226"},{"taxonomy":"product_cat","embeddable":true,"href":"https:\/\/officeplan.pt\/pt\/wp-json\/wp\/v2\/product_cat?post=4226"},{"taxonomy":"product_tag","embeddable":true,"href":"https:\/\/officeplan.pt\/pt\/wp-json\/wp\/v2\/product_tag?post=4226"}],"curies":[{"name":"wp","href":"https:\/\/api.w.org\/{rel}","templated":true}]}}