{"id":4228,"date":"2016-08-25T22:55:28","date_gmt":"2016-08-25T22:55:28","guid":{"rendered":"https:\/\/b-tech.pt\/?post_type=product&#038;p=4228"},"modified":"2023-01-29T17:24:32","modified_gmt":"2023-01-29T17:24:32","slug":"taxus-4","status":"publish","type":"product","link":"https:\/\/officeplan.pt\/pt\/produto\/taxus-4\/","title":{"rendered":"Taxus"},"content":{"rendered":"<p>Mesa de reuni\u00e3o quadrada p\u00e9 em cruz.<\/p>\n<p>Totalmente em melamina<\/p>\n<p>Medidas dispon\u00edveis:<\/p>\n<p>2200x1200x740<\/p>\n<p>2400x1200x740<\/p>\n<p>3000x1200x740<\/p>\n<p>&nbsp;<\/p>\n","protected":false},"excerpt":{"rendered":"<p>Mesa de reuni\u00e3o quadrada p\u00e9 em cruz. Totalmente em melamina Medidas dispon\u00edveis: 2200x1200x740 2400x1200x740 3000x1200x740 &nbsp;<\/p>\n","protected":false},"featured_media":9263,"template":"","meta":[],"product_brand":[],"product_cat":[755,103,753],"product_tag":[530,544,539,538,506,541],"class_list":{"0":"post-4228","1":"product","2":"type-product","3":"status-publish","4":"has-post-thumbnail","6":"product_cat-mesa-reuniao-mobiliario-de-escritorio-mobiliario","7":"product_cat-mobiliario","8":"product_cat-mobiliario-de-escritorio-mobiliario","9":"product_tag-escritorio","10":"product_tag-mesa-de-reuniao","11":"product_tag-mobiliario-de-escritorio","12":"product_tag-reuniao","13":"product_tag-sala","14":"product_tag-secretaria-taxus","16":"first","17":"instock","18":"taxable","19":"shipping-taxable","20":"purchasable","21":"product-type-simple"},"aioseo_notices":[],"jetpack_sharing_enabled":true,"_links":{"self":[{"href":"https:\/\/officeplan.pt\/pt\/wp-json\/wp\/v2\/product\/4228","targetHints":{"allow":["GET"]}}],"collection":[{"href":"https:\/\/officeplan.pt\/pt\/wp-json\/wp\/v2\/product"}],"about":[{"href":"https:\/\/officeplan.pt\/pt\/wp-json\/wp\/v2\/types\/product"}],"version-history":[{"count":1,"href":"https:\/\/officeplan.pt\/pt\/wp-json\/wp\/v2\/product\/4228\/revisions"}],"predecessor-version":[{"id":9262,"href":"https:\/\/officeplan.pt\/pt\/wp-json\/wp\/v2\/product\/4228\/revisions\/9262"}],"wp:featuredmedia":[{"embeddable":true,"href":"https:\/\/officeplan.pt\/pt\/wp-json\/wp\/v2\/media\/9263"}],"wp:attachment":[{"href":"https:\/\/officeplan.pt\/pt\/wp-json\/wp\/v2\/media?parent=4228"}],"wp:term":[{"taxonomy":"product_brand","embeddable":true,"href":"https:\/\/officeplan.pt\/pt\/wp-json\/wp\/v2\/product_brand?post=4228"},{"taxonomy":"product_cat","embeddable":true,"href":"https:\/\/officeplan.pt\/pt\/wp-json\/wp\/v2\/product_cat?post=4228"},{"taxonomy":"product_tag","embeddable":true,"href":"https:\/\/officeplan.pt\/pt\/wp-json\/wp\/v2\/product_tag?post=4228"}],"curies":[{"name":"wp","href":"https:\/\/api.w.org\/{rel}","templated":true}]}}