{"id":4233,"date":"2016-08-25T23:20:39","date_gmt":"2016-08-25T23:20:39","guid":{"rendered":"https:\/\/b-tech.pt\/?post_type=product&#038;p=4233"},"modified":"2023-01-29T17:24:34","modified_gmt":"2023-01-29T17:24:34","slug":"4233","status":"publish","type":"product","link":"https:\/\/officeplan.pt\/pt\/produto\/4233\/","title":{"rendered":"Busy"},"content":{"rendered":"<p>Mesa de reuni\u00e3o\u00a0redonda c\/ base redonda<\/p>\n<p>P\u00e9s met\u00e1licos<\/p>\n<p>Tampo em melamina<\/p>\n<p>Medidas dispon\u00edveis:<\/p>\n<p>\u00d8 900&#215;740<\/p>\n<p>\u00d81000&#215;740<\/p>\n<p>\u00d81100&#215;740<\/p>\n<p>\u00d81200&#215;740<\/p>\n","protected":false},"excerpt":{"rendered":"<p>Mesa de reuni\u00e3o\u00a0redonda c\/ base redonda P\u00e9s met\u00e1licos Tampo em melamina Medidas dispon\u00edveis: \u00d8 900&#215;740 \u00d81000&#215;740 \u00d81100&#215;740 \u00d81200&#215;740<\/p>\n","protected":false},"featured_media":9268,"template":"","meta":[],"product_brand":[],"product_cat":[755,103,753],"product_tag":[530,544,538,506,531,532],"class_list":{"0":"post-4233","1":"product","2":"type-product","3":"status-publish","4":"has-post-thumbnail","6":"product_cat-mesa-reuniao-mobiliario-de-escritorio-mobiliario","7":"product_cat-mobiliario","8":"product_cat-mobiliario-de-escritorio-mobiliario","9":"product_tag-escritorio","10":"product_tag-mesa-de-reuniao","11":"product_tag-reuniao","12":"product_tag-sala","13":"product_tag-secretaria-direcao","14":"product_tag-secretaria-diretiva","16":"first","17":"instock","18":"taxable","19":"shipping-taxable","20":"purchasable","21":"product-type-simple"},"aioseo_notices":[],"jetpack_sharing_enabled":true,"_links":{"self":[{"href":"https:\/\/officeplan.pt\/pt\/wp-json\/wp\/v2\/product\/4233","targetHints":{"allow":["GET"]}}],"collection":[{"href":"https:\/\/officeplan.pt\/pt\/wp-json\/wp\/v2\/product"}],"about":[{"href":"https:\/\/officeplan.pt\/pt\/wp-json\/wp\/v2\/types\/product"}],"version-history":[{"count":1,"href":"https:\/\/officeplan.pt\/pt\/wp-json\/wp\/v2\/product\/4233\/revisions"}],"predecessor-version":[{"id":9267,"href":"https:\/\/officeplan.pt\/pt\/wp-json\/wp\/v2\/product\/4233\/revisions\/9267"}],"wp:featuredmedia":[{"embeddable":true,"href":"https:\/\/officeplan.pt\/pt\/wp-json\/wp\/v2\/media\/9268"}],"wp:attachment":[{"href":"https:\/\/officeplan.pt\/pt\/wp-json\/wp\/v2\/media?parent=4233"}],"wp:term":[{"taxonomy":"product_brand","embeddable":true,"href":"https:\/\/officeplan.pt\/pt\/wp-json\/wp\/v2\/product_brand?post=4233"},{"taxonomy":"product_cat","embeddable":true,"href":"https:\/\/officeplan.pt\/pt\/wp-json\/wp\/v2\/product_cat?post=4233"},{"taxonomy":"product_tag","embeddable":true,"href":"https:\/\/officeplan.pt\/pt\/wp-json\/wp\/v2\/product_tag?post=4233"}],"curies":[{"name":"wp","href":"https:\/\/api.w.org\/{rel}","templated":true}]}}