{"id":4239,"date":"2016-08-26T00:00:30","date_gmt":"2016-08-26T00:00:30","guid":{"rendered":"https:\/\/b-tech.pt\/?post_type=product&#038;p=4239"},"modified":"2023-01-29T17:24:35","modified_gmt":"2023-01-29T17:24:35","slug":"evolution-ii","status":"publish","type":"product","link":"https:\/\/officeplan.pt\/pt\/produto\/evolution-ii\/","title":{"rendered":"Evolution II"},"content":{"rendered":"<p>Balc\u00e3o Evoluiton II<\/p>\n<p>Estrutura met\u00e1lica<\/p>\n<p>Com tampos e frentes em melamina<\/p>\n<p>Dispon\u00edveis nas medidas:<\/p>\n<p>800x800x1135<\/p>\n<p>1200x800x1135<\/p>\n<p>1400x800x1135<\/p>\n<p>1600x800x1135<\/p>\n<p>1800x800x1135<\/p>\n<p>&nbsp;<\/p>\n<p>&nbsp;<\/p>\n","protected":false},"excerpt":{"rendered":"<p>Balc\u00e3o Evoluiton II Estrutura met\u00e1lica Com tampos e frentes em melamina Dispon\u00edveis nas medidas: 800x800x1135 1200x800x1135 1400x800x1135 1600x800x1135 1800x800x1135 &nbsp;<\/p>\n","protected":false},"featured_media":9274,"template":"","meta":[],"product_brand":[],"product_cat":[757,103,753],"product_tag":[547,550,548,506,536,531,532,549],"class_list":{"0":"post-4239","1":"product","2":"type-product","3":"status-publish","4":"has-post-thumbnail","6":"product_cat-balcao-rececao-mobiliario-de-escritorio-mobiliario","7":"product_cat-mobiliario","8":"product_cat-mobiliario-de-escritorio-mobiliario","9":"product_tag-balcao","10":"product_tag-entrada","11":"product_tag-recpcao","12":"product_tag-sala","13":"product_tag-secretaria","14":"product_tag-secretaria-direcao","15":"product_tag-secretaria-diretiva","16":"product_tag-secretaria-evolution-ii","18":"first","19":"instock","20":"taxable","21":"shipping-taxable","22":"purchasable","23":"product-type-simple"},"aioseo_notices":[],"jetpack_sharing_enabled":true,"_links":{"self":[{"href":"https:\/\/officeplan.pt\/pt\/wp-json\/wp\/v2\/product\/4239","targetHints":{"allow":["GET"]}}],"collection":[{"href":"https:\/\/officeplan.pt\/pt\/wp-json\/wp\/v2\/product"}],"about":[{"href":"https:\/\/officeplan.pt\/pt\/wp-json\/wp\/v2\/types\/product"}],"version-history":[{"count":1,"href":"https:\/\/officeplan.pt\/pt\/wp-json\/wp\/v2\/product\/4239\/revisions"}],"predecessor-version":[{"id":9273,"href":"https:\/\/officeplan.pt\/pt\/wp-json\/wp\/v2\/product\/4239\/revisions\/9273"}],"wp:featuredmedia":[{"embeddable":true,"href":"https:\/\/officeplan.pt\/pt\/wp-json\/wp\/v2\/media\/9274"}],"wp:attachment":[{"href":"https:\/\/officeplan.pt\/pt\/wp-json\/wp\/v2\/media?parent=4239"}],"wp:term":[{"taxonomy":"product_brand","embeddable":true,"href":"https:\/\/officeplan.pt\/pt\/wp-json\/wp\/v2\/product_brand?post=4239"},{"taxonomy":"product_cat","embeddable":true,"href":"https:\/\/officeplan.pt\/pt\/wp-json\/wp\/v2\/product_cat?post=4239"},{"taxonomy":"product_tag","embeddable":true,"href":"https:\/\/officeplan.pt\/pt\/wp-json\/wp\/v2\/product_tag?post=4239"}],"curies":[{"name":"wp","href":"https:\/\/api.w.org\/{rel}","templated":true}]}}