{"id":4259,"date":"2016-08-28T18:00:41","date_gmt":"2016-08-28T18:00:41","guid":{"rendered":"https:\/\/b-tech.pt\/?post_type=product&#038;p=4259"},"modified":"2023-01-29T17:24:37","modified_gmt":"2023-01-29T17:24:37","slug":"busy-3","status":"publish","type":"product","link":"https:\/\/officeplan.pt\/pt\/produto\/busy-3\/","title":{"rendered":"Busy"},"content":{"rendered":"<p>Secret\u00e1ria Busy<br \/>\nEstrutura met\u00e1lica<br \/>\nTampos em melamina<\/p>\n<p>Dispon\u00edveis nas medidas:<\/p>\n<p>800x650x740<\/p>\n<p>1200x650x740<\/p>\n<p>1400x650x740<\/p>\n<p>1600x650x740<\/p>\n<p>1800x650x740<\/p>\n<p>Ou<\/p>\n<p>800x800x740<\/p>\n<p>1200x800x740<\/p>\n<p>1400x800x740<\/p>\n<p>1600x800x740<\/p>\n<p>1800x800x740<\/p>\n","protected":false},"excerpt":{"rendered":"<p>Secret\u00e1ria Busy Estrutura met\u00e1lica Tampos em melamina Dispon\u00edveis nas medidas: 800x650x740 1200x650x740 1400x650x740 1600x650x740 1800x650x740 Ou 800x800x740 1200x800x740 1400x800x740 1600x800x740<\/p>\n","protected":false},"featured_media":9288,"template":"","meta":[],"product_brand":[],"product_cat":[103,753,756],"product_tag":[553,530,539,506,556,531,532,533],"class_list":{"0":"post-4259","1":"product","2":"type-product","3":"status-publish","4":"has-post-thumbnail","6":"product_cat-mobiliario","7":"product_cat-mobiliario-de-escritorio-mobiliario","8":"product_cat-mobiliario-operativo-mobiliario-de-escritorio-mobiliario","9":"product_tag-busy","10":"product_tag-escritorio","11":"product_tag-mobiliario-de-escritorio","12":"product_tag-sala","13":"product_tag-secretaria-busy","14":"product_tag-secretaria-direcao","15":"product_tag-secretaria-diretiva","16":"product_tag-secretaria-escritorio","18":"first","19":"instock","20":"taxable","21":"shipping-taxable","22":"purchasable","23":"product-type-simple"},"aioseo_notices":[],"jetpack_sharing_enabled":true,"_links":{"self":[{"href":"https:\/\/officeplan.pt\/pt\/wp-json\/wp\/v2\/product\/4259","targetHints":{"allow":["GET"]}}],"collection":[{"href":"https:\/\/officeplan.pt\/pt\/wp-json\/wp\/v2\/product"}],"about":[{"href":"https:\/\/officeplan.pt\/pt\/wp-json\/wp\/v2\/types\/product"}],"version-history":[{"count":1,"href":"https:\/\/officeplan.pt\/pt\/wp-json\/wp\/v2\/product\/4259\/revisions"}],"predecessor-version":[{"id":9287,"href":"https:\/\/officeplan.pt\/pt\/wp-json\/wp\/v2\/product\/4259\/revisions\/9287"}],"wp:featuredmedia":[{"embeddable":true,"href":"https:\/\/officeplan.pt\/pt\/wp-json\/wp\/v2\/media\/9288"}],"wp:attachment":[{"href":"https:\/\/officeplan.pt\/pt\/wp-json\/wp\/v2\/media?parent=4259"}],"wp:term":[{"taxonomy":"product_brand","embeddable":true,"href":"https:\/\/officeplan.pt\/pt\/wp-json\/wp\/v2\/product_brand?post=4259"},{"taxonomy":"product_cat","embeddable":true,"href":"https:\/\/officeplan.pt\/pt\/wp-json\/wp\/v2\/product_cat?post=4259"},{"taxonomy":"product_tag","embeddable":true,"href":"https:\/\/officeplan.pt\/pt\/wp-json\/wp\/v2\/product_tag?post=4259"}],"curies":[{"name":"wp","href":"https:\/\/api.w.org\/{rel}","templated":true}]}}