{"id":4293,"date":"2016-08-28T20:06:46","date_gmt":"2016-08-28T20:06:46","guid":{"rendered":"https:\/\/b-tech.pt\/?post_type=product&#038;p=4293"},"modified":"2023-01-29T17:24:42","modified_gmt":"2023-01-29T17:24:42","slug":"evolution-3","status":"publish","type":"product","link":"https:\/\/officeplan.pt\/pt\/produto\/evolution-3\/","title":{"rendered":"Evolution"},"content":{"rendered":"<p>Secret\u00e1ria Evolution + Alonga<br \/>\nEstrutura met\u00e1lica<br \/>\nTampos em vidro<\/p>\n<p>Dispon\u00edveis nas medidas:<\/p>\n<p>800x800x740<\/p>\n<p>1200x800x740<\/p>\n<p>1400x800x740<\/p>\n<p>1600x800x740<\/p>\n<p>1800x800x740<\/p>\n<p>Alonga<\/p>\n<p>800x650x740<\/p>\n<p>1000x650x740<\/p>\n<p>1200x650x740<\/p>\n","protected":false},"excerpt":{"rendered":"<p>Secret\u00e1ria Evolution + Alonga Estrutura met\u00e1lica Tampos em vidro Dispon\u00edveis nas medidas: 800x800x740 1200x800x740 1400x800x740 1600x800x740 1800x800x740 Alonga 800x650x740 1000x650x740<\/p>\n","protected":false},"featured_media":9321,"template":"","meta":[],"product_brand":[],"product_cat":[103,753,756],"product_tag":[530,545,529,539,506,531,532,533,546],"class_list":{"0":"post-4293","1":"product","2":"type-product","3":"status-publish","4":"has-post-thumbnail","6":"product_cat-mobiliario","7":"product_cat-mobiliario-de-escritorio-mobiliario","8":"product_cat-mobiliario-operativo-mobiliario-de-escritorio-mobiliario","9":"product_tag-escritorio","10":"product_tag-evolution","11":"product_tag-mobiliario","12":"product_tag-mobiliario-de-escritorio","13":"product_tag-sala","14":"product_tag-secretaria-direcao","15":"product_tag-secretaria-diretiva","16":"product_tag-secretaria-escritorio","17":"product_tag-secretaria-evolution","19":"first","20":"instock","21":"taxable","22":"shipping-taxable","23":"purchasable","24":"product-type-simple"},"aioseo_notices":[],"jetpack_sharing_enabled":true,"_links":{"self":[{"href":"https:\/\/officeplan.pt\/pt\/wp-json\/wp\/v2\/product\/4293","targetHints":{"allow":["GET"]}}],"collection":[{"href":"https:\/\/officeplan.pt\/pt\/wp-json\/wp\/v2\/product"}],"about":[{"href":"https:\/\/officeplan.pt\/pt\/wp-json\/wp\/v2\/types\/product"}],"version-history":[{"count":1,"href":"https:\/\/officeplan.pt\/pt\/wp-json\/wp\/v2\/product\/4293\/revisions"}],"predecessor-version":[{"id":9320,"href":"https:\/\/officeplan.pt\/pt\/wp-json\/wp\/v2\/product\/4293\/revisions\/9320"}],"wp:featuredmedia":[{"embeddable":true,"href":"https:\/\/officeplan.pt\/pt\/wp-json\/wp\/v2\/media\/9321"}],"wp:attachment":[{"href":"https:\/\/officeplan.pt\/pt\/wp-json\/wp\/v2\/media?parent=4293"}],"wp:term":[{"taxonomy":"product_brand","embeddable":true,"href":"https:\/\/officeplan.pt\/pt\/wp-json\/wp\/v2\/product_brand?post=4293"},{"taxonomy":"product_cat","embeddable":true,"href":"https:\/\/officeplan.pt\/pt\/wp-json\/wp\/v2\/product_cat?post=4293"},{"taxonomy":"product_tag","embeddable":true,"href":"https:\/\/officeplan.pt\/pt\/wp-json\/wp\/v2\/product_tag?post=4293"}],"curies":[{"name":"wp","href":"https:\/\/api.w.org\/{rel}","templated":true}]}}