{"id":4309,"date":"2016-08-28T20:52:04","date_gmt":"2016-08-28T20:52:04","guid":{"rendered":"https:\/\/b-tech.pt\/?post_type=product&#038;p=4309"},"modified":"2023-01-29T17:24:44","modified_gmt":"2023-01-29T17:24:44","slug":"hera-2","status":"publish","type":"product","link":"https:\/\/officeplan.pt\/pt\/produto\/hera-2\/","title":{"rendered":"Hera"},"content":{"rendered":"<p>Secret\u00e1ria Integrada Hera<\/p>\n<p>Estrutura met\u00e1lica<\/p>\n<p>Com tampos em madeira ou melamina<\/p>\n<p>Medidas dispon\u00edveis:<\/p>\n<p>2250x1700x740 Dir ou Esq.<\/p>\n","protected":false},"excerpt":{"rendered":"<p>Secret\u00e1ria Integrada Hera Estrutura met\u00e1lica Com tampos em madeira ou melamina Medidas dispon\u00edveis: 2250x1700x740 Dir ou Esq.<\/p>\n","protected":false},"featured_media":9336,"template":"","meta":[],"product_brand":[],"product_cat":[103,753,756],"product_tag":[530,551,539,506,531,532,552],"class_list":{"0":"post-4309","1":"product","2":"type-product","3":"status-publish","4":"has-post-thumbnail","6":"product_cat-mobiliario","7":"product_cat-mobiliario-de-escritorio-mobiliario","8":"product_cat-mobiliario-operativo-mobiliario-de-escritorio-mobiliario","9":"product_tag-escritorio","10":"product_tag-hera","11":"product_tag-mobiliario-de-escritorio","12":"product_tag-sala","13":"product_tag-secretaria-direcao","14":"product_tag-secretaria-diretiva","15":"product_tag-secretaria-hera","17":"first","18":"instock","19":"taxable","20":"shipping-taxable","21":"purchasable","22":"product-type-simple"},"aioseo_notices":[],"jetpack_sharing_enabled":true,"_links":{"self":[{"href":"https:\/\/officeplan.pt\/pt\/wp-json\/wp\/v2\/product\/4309","targetHints":{"allow":["GET"]}}],"collection":[{"href":"https:\/\/officeplan.pt\/pt\/wp-json\/wp\/v2\/product"}],"about":[{"href":"https:\/\/officeplan.pt\/pt\/wp-json\/wp\/v2\/types\/product"}],"version-history":[{"count":1,"href":"https:\/\/officeplan.pt\/pt\/wp-json\/wp\/v2\/product\/4309\/revisions"}],"predecessor-version":[{"id":9335,"href":"https:\/\/officeplan.pt\/pt\/wp-json\/wp\/v2\/product\/4309\/revisions\/9335"}],"wp:featuredmedia":[{"embeddable":true,"href":"https:\/\/officeplan.pt\/pt\/wp-json\/wp\/v2\/media\/9336"}],"wp:attachment":[{"href":"https:\/\/officeplan.pt\/pt\/wp-json\/wp\/v2\/media?parent=4309"}],"wp:term":[{"taxonomy":"product_brand","embeddable":true,"href":"https:\/\/officeplan.pt\/pt\/wp-json\/wp\/v2\/product_brand?post=4309"},{"taxonomy":"product_cat","embeddable":true,"href":"https:\/\/officeplan.pt\/pt\/wp-json\/wp\/v2\/product_cat?post=4309"},{"taxonomy":"product_tag","embeddable":true,"href":"https:\/\/officeplan.pt\/pt\/wp-json\/wp\/v2\/product_tag?post=4309"}],"curies":[{"name":"wp","href":"https:\/\/api.w.org\/{rel}","templated":true}]}}