{"id":4314,"date":"2016-08-28T20:58:58","date_gmt":"2016-08-28T20:58:58","guid":{"rendered":"https:\/\/b-tech.pt\/?post_type=product&#038;p=4314"},"modified":"2023-01-29T17:24:47","modified_gmt":"2023-01-29T17:24:47","slug":"doris","status":"publish","type":"product","link":"https:\/\/officeplan.pt\/pt\/produto\/doris\/","title":{"rendered":"D\u00f3ris"},"content":{"rendered":"<p>Mesa de reuni\u00e3o D\u00f3ris<\/p>\n<p>P\u00e9s met\u00e1licos<\/p>\n<p>Tampo em melamina<\/p>\n<p>Medidas dispon\u00edveis:<\/p>\n<p>1900\u00d7900\u00d7740<\/p>\n<p>2400\u00d71100\u00d7740<\/p>\n<p>Oval ou rectangular<\/p>\n","protected":false},"excerpt":{"rendered":"<p>Mesa de reuni\u00e3o D\u00f3ris P\u00e9s met\u00e1licos Tampo em melamina Medidas dispon\u00edveis: 1900\u00d7900\u00d7740 2400\u00d71100\u00d7740 Oval ou rectangular<\/p>\n","protected":false},"featured_media":9340,"template":"","meta":[],"product_brand":[],"product_cat":[755,103,753],"product_tag":[566,529,539,506,536,531,532,567,533],"class_list":{"0":"post-4314","1":"product","2":"type-product","3":"status-publish","4":"has-post-thumbnail","6":"product_cat-mesa-reuniao-mobiliario-de-escritorio-mobiliario","7":"product_cat-mobiliario","8":"product_cat-mobiliario-de-escritorio-mobiliario","9":"product_tag-doris","10":"product_tag-mobiliario","11":"product_tag-mobiliario-de-escritorio","12":"product_tag-sala","13":"product_tag-secretaria","14":"product_tag-secretaria-direcao","15":"product_tag-secretaria-diretiva","16":"product_tag-secretaria-doris","17":"product_tag-secretaria-escritorio","19":"first","20":"instock","21":"taxable","22":"shipping-taxable","23":"purchasable","24":"product-type-simple"},"aioseo_notices":[],"jetpack_sharing_enabled":true,"_links":{"self":[{"href":"https:\/\/officeplan.pt\/pt\/wp-json\/wp\/v2\/product\/4314","targetHints":{"allow":["GET"]}}],"collection":[{"href":"https:\/\/officeplan.pt\/pt\/wp-json\/wp\/v2\/product"}],"about":[{"href":"https:\/\/officeplan.pt\/pt\/wp-json\/wp\/v2\/types\/product"}],"version-history":[{"count":1,"href":"https:\/\/officeplan.pt\/pt\/wp-json\/wp\/v2\/product\/4314\/revisions"}],"predecessor-version":[{"id":9339,"href":"https:\/\/officeplan.pt\/pt\/wp-json\/wp\/v2\/product\/4314\/revisions\/9339"}],"wp:featuredmedia":[{"embeddable":true,"href":"https:\/\/officeplan.pt\/pt\/wp-json\/wp\/v2\/media\/9340"}],"wp:attachment":[{"href":"https:\/\/officeplan.pt\/pt\/wp-json\/wp\/v2\/media?parent=4314"}],"wp:term":[{"taxonomy":"product_brand","embeddable":true,"href":"https:\/\/officeplan.pt\/pt\/wp-json\/wp\/v2\/product_brand?post=4314"},{"taxonomy":"product_cat","embeddable":true,"href":"https:\/\/officeplan.pt\/pt\/wp-json\/wp\/v2\/product_cat?post=4314"},{"taxonomy":"product_tag","embeddable":true,"href":"https:\/\/officeplan.pt\/pt\/wp-json\/wp\/v2\/product_tag?post=4314"}],"curies":[{"name":"wp","href":"https:\/\/api.w.org\/{rel}","templated":true}]}}