{"id":4316,"date":"2016-08-28T21:03:14","date_gmt":"2016-08-28T21:03:14","guid":{"rendered":"https:\/\/b-tech.pt\/?post_type=product&#038;p=4316"},"modified":"2023-01-29T17:24:47","modified_gmt":"2023-01-29T17:24:47","slug":"doris-2","status":"publish","type":"product","link":"https:\/\/officeplan.pt\/pt\/produto\/doris-2\/","title":{"rendered":"D\u00f3ris"},"content":{"rendered":"<p>Secret\u00e1ria Integrada D\u00f3ris<\/p>\n<p>Estrutura met\u00e1lica<\/p>\n<p>Com tampos em\u00a0melamina<\/p>\n<p>Medidas dispon\u00edveis:<\/p>\n<p>2250x1700x740 Dir ou Esq.<\/p>\n","protected":false},"excerpt":{"rendered":"<p>Secret\u00e1ria Integrada D\u00f3ris Estrutura met\u00e1lica Com tampos em\u00a0melamina Medidas dispon\u00edveis: 2250x1700x740 Dir ou Esq.<\/p>\n","protected":false},"featured_media":9342,"template":"","meta":[],"product_brand":[],"product_cat":[103,753,756],"product_tag":[566,530,529,539,506,536,531,532,567],"class_list":{"0":"post-4316","1":"product","2":"type-product","3":"status-publish","4":"has-post-thumbnail","6":"product_cat-mobiliario","7":"product_cat-mobiliario-de-escritorio-mobiliario","8":"product_cat-mobiliario-operativo-mobiliario-de-escritorio-mobiliario","9":"product_tag-doris","10":"product_tag-escritorio","11":"product_tag-mobiliario","12":"product_tag-mobiliario-de-escritorio","13":"product_tag-sala","14":"product_tag-secretaria","15":"product_tag-secretaria-direcao","16":"product_tag-secretaria-diretiva","17":"product_tag-secretaria-doris","19":"first","20":"instock","21":"taxable","22":"shipping-taxable","23":"purchasable","24":"product-type-simple"},"aioseo_notices":[],"jetpack_sharing_enabled":true,"_links":{"self":[{"href":"https:\/\/officeplan.pt\/pt\/wp-json\/wp\/v2\/product\/4316","targetHints":{"allow":["GET"]}}],"collection":[{"href":"https:\/\/officeplan.pt\/pt\/wp-json\/wp\/v2\/product"}],"about":[{"href":"https:\/\/officeplan.pt\/pt\/wp-json\/wp\/v2\/types\/product"}],"version-history":[{"count":1,"href":"https:\/\/officeplan.pt\/pt\/wp-json\/wp\/v2\/product\/4316\/revisions"}],"predecessor-version":[{"id":9341,"href":"https:\/\/officeplan.pt\/pt\/wp-json\/wp\/v2\/product\/4316\/revisions\/9341"}],"wp:featuredmedia":[{"embeddable":true,"href":"https:\/\/officeplan.pt\/pt\/wp-json\/wp\/v2\/media\/9342"}],"wp:attachment":[{"href":"https:\/\/officeplan.pt\/pt\/wp-json\/wp\/v2\/media?parent=4316"}],"wp:term":[{"taxonomy":"product_brand","embeddable":true,"href":"https:\/\/officeplan.pt\/pt\/wp-json\/wp\/v2\/product_brand?post=4316"},{"taxonomy":"product_cat","embeddable":true,"href":"https:\/\/officeplan.pt\/pt\/wp-json\/wp\/v2\/product_cat?post=4316"},{"taxonomy":"product_tag","embeddable":true,"href":"https:\/\/officeplan.pt\/pt\/wp-json\/wp\/v2\/product_tag?post=4316"}],"curies":[{"name":"wp","href":"https:\/\/api.w.org\/{rel}","templated":true}]}}