{"id":4424,"date":"2016-08-30T22:47:56","date_gmt":"2016-08-30T22:47:56","guid":{"rendered":"https:\/\/b-tech.pt\/?post_type=product&#038;p=4424"},"modified":"2023-01-29T17:25:16","modified_gmt":"2023-01-29T17:25:16","slug":"estante-metalica","status":"publish","type":"product","link":"https:\/\/officeplan.pt\/pt\/produto\/estante-metalica\/","title":{"rendered":"Estante Met\u00e1lica"},"content":{"rendered":"<p>Estante met\u00e1lica de carga ligeira para escrit\u00f3rio<\/p>\n<p>Medidas dispon\u00edveis:<br \/>\nAlt &#8211; 1000 \/ 1500 \/ 2000 \/ 2500 \/ 3000 \/ 3500<br \/>\nProf. 300 \/ 400 \/ 500 \/ 600<br \/>\nLar. 690 \/ 940<\/p>\n","protected":false},"excerpt":{"rendered":"<p>Estante met\u00e1lica de carga ligeira para escrit\u00f3rio Medidas dispon\u00edveis: Alt &#8211; 1000 \/ 1500 \/ 2000 \/ 2500 \/ 3000<\/p>\n","protected":false},"featured_media":9437,"template":"","meta":[],"product_brand":[],"product_cat":[759,758],"product_tag":[582,530,569,615,591,571,534,617,616],"class_list":{"0":"post-4424","1":"product","2":"type-product","3":"status-publish","4":"has-post-thumbnail","6":"product_cat-estantes-ligeiras-estantes-metalicas-mobiliario","7":"product_cat-estantes-metalicas-mobiliario","8":"product_tag-arrumos","9":"product_tag-escritorio","10":"product_tag-estantes","11":"product_tag-estantes-metalicas","12":"product_tag-hiper","13":"product_tag-hipermercado","14":"product_tag-mobiliario-escritorio","15":"product_tag-pastas-de-escritorio","16":"product_tag-supermercados","18":"first","19":"instock","20":"taxable","21":"shipping-taxable","22":"product-type-simple"},"aioseo_notices":[],"jetpack_sharing_enabled":true,"_links":{"self":[{"href":"https:\/\/officeplan.pt\/pt\/wp-json\/wp\/v2\/product\/4424","targetHints":{"allow":["GET"]}}],"collection":[{"href":"https:\/\/officeplan.pt\/pt\/wp-json\/wp\/v2\/product"}],"about":[{"href":"https:\/\/officeplan.pt\/pt\/wp-json\/wp\/v2\/types\/product"}],"version-history":[{"count":1,"href":"https:\/\/officeplan.pt\/pt\/wp-json\/wp\/v2\/product\/4424\/revisions"}],"predecessor-version":[{"id":9436,"href":"https:\/\/officeplan.pt\/pt\/wp-json\/wp\/v2\/product\/4424\/revisions\/9436"}],"wp:featuredmedia":[{"embeddable":true,"href":"https:\/\/officeplan.pt\/pt\/wp-json\/wp\/v2\/media\/9437"}],"wp:attachment":[{"href":"https:\/\/officeplan.pt\/pt\/wp-json\/wp\/v2\/media?parent=4424"}],"wp:term":[{"taxonomy":"product_brand","embeddable":true,"href":"https:\/\/officeplan.pt\/pt\/wp-json\/wp\/v2\/product_brand?post=4424"},{"taxonomy":"product_cat","embeddable":true,"href":"https:\/\/officeplan.pt\/pt\/wp-json\/wp\/v2\/product_cat?post=4424"},{"taxonomy":"product_tag","embeddable":true,"href":"https:\/\/officeplan.pt\/pt\/wp-json\/wp\/v2\/product_tag?post=4424"}],"curies":[{"name":"wp","href":"https:\/\/api.w.org\/{rel}","templated":true}]}}