{"id":4493,"date":"2016-09-02T10:02:14","date_gmt":"2016-09-02T10:02:14","guid":{"rendered":"https:\/\/b-tech.pt\/?post_type=product&#038;p=4493"},"modified":"2023-01-29T17:25:22","modified_gmt":"2023-01-29T17:25:22","slug":"c-portas-de-bater","status":"publish","type":"product","link":"https:\/\/officeplan.pt\/pt\/produto\/c-portas-de-bater\/","title":{"rendered":"C\/ portas de Bater"},"content":{"rendered":"<p>Arm\u00e1rio contabilidade c\/ portas de bater<\/p>\n<p>Estrutura met\u00e1lica em chapa de a\u00e7o com 1mm e pintura a epoxy<\/p>\n<p>Dispon\u00edveis nas medidas:<\/p>\n<p>1600x950x390 est\u00e1 inclu\u00eddo 3 prateleiras<\/p>\n<p>1900x950x390\u00a0est\u00e1 inclu\u00eddo 4 prateleiras<\/p>\n<p>1900x1200x390\u00a0est\u00e1 inclu\u00eddo 4 prateleiras<\/p>\n","protected":false},"excerpt":{"rendered":"<p>Arm\u00e1rio contabilidade c\/ portas de bater Estrutura met\u00e1lica em chapa de a\u00e7o com 1mm e pintura a epoxy Dispon\u00edveis nas<\/p>\n","protected":false},"featured_media":9464,"template":"","meta":[],"product_brand":[],"product_cat":[764,103,753],"product_tag":[642,643,641,530,529,539,617],"class_list":{"0":"post-4493","1":"product","2":"type-product","3":"status-publish","4":"has-post-thumbnail","6":"product_cat-armarios-mobiliario-de-escritorio-mobiliario","7":"product_cat-mobiliario","8":"product_cat-mobiliario-de-escritorio-mobiliario","9":"product_tag-armario","10":"product_tag-arquivo","11":"product_tag-contabilidade","12":"product_tag-escritorio","13":"product_tag-mobiliario","14":"product_tag-mobiliario-de-escritorio","15":"product_tag-pastas-de-escritorio","17":"first","18":"instock","19":"taxable","20":"shipping-taxable","21":"purchasable","22":"product-type-simple"},"aioseo_notices":[],"jetpack_sharing_enabled":true,"_links":{"self":[{"href":"https:\/\/officeplan.pt\/pt\/wp-json\/wp\/v2\/product\/4493","targetHints":{"allow":["GET"]}}],"collection":[{"href":"https:\/\/officeplan.pt\/pt\/wp-json\/wp\/v2\/product"}],"about":[{"href":"https:\/\/officeplan.pt\/pt\/wp-json\/wp\/v2\/types\/product"}],"version-history":[{"count":1,"href":"https:\/\/officeplan.pt\/pt\/wp-json\/wp\/v2\/product\/4493\/revisions"}],"predecessor-version":[{"id":9463,"href":"https:\/\/officeplan.pt\/pt\/wp-json\/wp\/v2\/product\/4493\/revisions\/9463"}],"wp:featuredmedia":[{"embeddable":true,"href":"https:\/\/officeplan.pt\/pt\/wp-json\/wp\/v2\/media\/9464"}],"wp:attachment":[{"href":"https:\/\/officeplan.pt\/pt\/wp-json\/wp\/v2\/media?parent=4493"}],"wp:term":[{"taxonomy":"product_brand","embeddable":true,"href":"https:\/\/officeplan.pt\/pt\/wp-json\/wp\/v2\/product_brand?post=4493"},{"taxonomy":"product_cat","embeddable":true,"href":"https:\/\/officeplan.pt\/pt\/wp-json\/wp\/v2\/product_cat?post=4493"},{"taxonomy":"product_tag","embeddable":true,"href":"https:\/\/officeplan.pt\/pt\/wp-json\/wp\/v2\/product_tag?post=4493"}],"curies":[{"name":"wp","href":"https:\/\/api.w.org\/{rel}","templated":true}]}}