{"id":4504,"date":"2016-09-02T10:30:51","date_gmt":"2016-09-02T10:30:51","guid":{"rendered":"https:\/\/b-tech.pt\/?post_type=product&#038;p=4504"},"modified":"2023-01-29T17:25:23","modified_gmt":"2023-01-29T17:25:23","slug":"melaminavidro-bronze","status":"publish","type":"product","link":"https:\/\/officeplan.pt\/pt\/produto\/melaminavidro-bronze\/","title":{"rendered":"Melamina\/ vidro Bronze"},"content":{"rendered":"<p>Biombo misto \/ vidro bronze<\/p>\n<p>Dispon\u00edveis nas medidas:<\/p>\n<p>1600x800x70<\/p>\n<p>1600x1000x70<\/p>\n<p>1600x1200x70<\/p>\n<p>1900x800x70<\/p>\n<p>1900x1000x70<\/p>\n<p>1900x1200x70<\/p>\n<p>CARACTER\u00cdSTICAS T\u00c9CNICAS:<br \/>\nESTRUTURA<br \/>\n\u2022 Em chapa de a\u00e7o laminado a frio de 1,25mm de espessura<br \/>\nformando um monobloco.<br \/>\n\u2022 Pintura epoxy com deposi\u00e7\u00e3o m\u00ednima de 40 microns.<br \/>\nRODAP\u00c9<br \/>\n\u2022 Em chapa de a\u00e7o laminado a frio de 0,8mm de espessura.<br \/>\n\u2022 Pintura epoxy com deposi\u00e7\u00e3o m\u00ednima de 40 microns.<br \/>\nPAINEIS<br \/>\n\u2022Em aglomerado de 10mm de espessura revestidos a tecido.<br \/>\n\u2022 Em Vidro de 4mm de espessura com arestas quebradas.<br \/>\n\u2022 Em melamina de 16mm de espessura, com uma orla em<br \/>\nPVC de 0,7mm em todas as faces.<br \/>\nSAPATAS<br \/>\n\u2022 Em barra de a\u00e7o laminada a frio de 60x8mm de espessura.<br \/>\n\u2022 Pintura epoxy com deposi\u00e7\u00e3o m\u00ednima de 40 microns.<\/p>\n<p>&nbsp;<\/p>\n","protected":false},"excerpt":{"rendered":"<p>Biombo misto \/ vidro bronze Dispon\u00edveis nas medidas: 1600x800x70 1600x1000x70 1600x1200x70 1900x800x70 1900x1000x70 1900x1200x70 CARACTER\u00cdSTICAS T\u00c9CNICAS: ESTRUTURA \u2022 Em chapa<\/p>\n","protected":false},"featured_media":9472,"template":"","meta":[],"product_brand":[],"product_cat":[765,758],"product_tag":[643,644,500,530,501,539,617],"class_list":{"0":"post-4504","1":"product","2":"type-product","3":"status-publish","4":"has-post-thumbnail","6":"product_cat-biombos-estantes-metalicas-mobiliario","7":"product_cat-estantes-metalicas-mobiliario","8":"product_tag-arquivo","9":"product_tag-biombos","10":"product_tag-divisorias","11":"product_tag-escritorio","12":"product_tag-espacos","13":"product_tag-mobiliario-de-escritorio","14":"product_tag-pastas-de-escritorio","16":"first","17":"instock","18":"taxable","19":"shipping-taxable","20":"purchasable","21":"product-type-simple"},"aioseo_notices":[],"jetpack_sharing_enabled":true,"_links":{"self":[{"href":"https:\/\/officeplan.pt\/pt\/wp-json\/wp\/v2\/product\/4504","targetHints":{"allow":["GET"]}}],"collection":[{"href":"https:\/\/officeplan.pt\/pt\/wp-json\/wp\/v2\/product"}],"about":[{"href":"https:\/\/officeplan.pt\/pt\/wp-json\/wp\/v2\/types\/product"}],"version-history":[{"count":1,"href":"https:\/\/officeplan.pt\/pt\/wp-json\/wp\/v2\/product\/4504\/revisions"}],"predecessor-version":[{"id":9471,"href":"https:\/\/officeplan.pt\/pt\/wp-json\/wp\/v2\/product\/4504\/revisions\/9471"}],"wp:featuredmedia":[{"embeddable":true,"href":"https:\/\/officeplan.pt\/pt\/wp-json\/wp\/v2\/media\/9472"}],"wp:attachment":[{"href":"https:\/\/officeplan.pt\/pt\/wp-json\/wp\/v2\/media?parent=4504"}],"wp:term":[{"taxonomy":"product_brand","embeddable":true,"href":"https:\/\/officeplan.pt\/pt\/wp-json\/wp\/v2\/product_brand?post=4504"},{"taxonomy":"product_cat","embeddable":true,"href":"https:\/\/officeplan.pt\/pt\/wp-json\/wp\/v2\/product_cat?post=4504"},{"taxonomy":"product_tag","embeddable":true,"href":"https:\/\/officeplan.pt\/pt\/wp-json\/wp\/v2\/product_tag?post=4504"}],"curies":[{"name":"wp","href":"https:\/\/api.w.org\/{rel}","templated":true}]}}