{"id":4514,"date":"2016-09-03T12:22:19","date_gmt":"2016-09-03T12:22:19","guid":{"rendered":"https:\/\/b-tech.pt\/?post_type=product&#038;p=4514"},"modified":"2023-01-29T17:25:24","modified_gmt":"2023-01-29T17:25:24","slug":"banco","status":"publish","type":"product","link":"https:\/\/officeplan.pt\/pt\/produto\/banco\/","title":{"rendered":"Banco"},"content":{"rendered":"<p>Banco de balne\u00e1rio com ripas em pinho<\/p>\n<p>Com prateleira para sapatos<\/p>\n<p>Estrutura met\u00e1lica, pintado a epoxy<\/p>\n<p>Dispon\u00edveis nas medidas:<\/p>\n<p>1200x400x450<\/p>\n<p>1500x400x450<\/p>\n<p>1800x400x450<\/p>\n<p>&nbsp;<\/p>\n<p>&nbsp;<\/p>\n","protected":false},"excerpt":{"rendered":"<p>Banco de balne\u00e1rio com ripas em pinho Com prateleira para sapatos Estrutura met\u00e1lica, pintado a epoxy Dispon\u00edveis nas medidas: 1200x400x450<\/p>\n","protected":false},"featured_media":9475,"template":"","meta":[],"product_brand":[],"product_cat":[766,103,753,762],"product_tag":[639,652,653,505,640,649],"class_list":{"0":"post-4514","1":"product","2":"type-product","3":"status-publish","4":"has-post-thumbnail","6":"product_cat-acessorios","7":"product_cat-mobiliario","8":"product_cat-mobiliario-de-escritorio-mobiliario","9":"product_cat-vestiarios-mobiliario-de-escritorio-mobiliario","10":"product_tag-balnearios","11":"product_tag-bancos","12":"product_tag-descanso","13":"product_tag-espaco","14":"product_tag-ginasio","15":"product_tag-piscina","17":"first","18":"instock","19":"featured","20":"taxable","21":"shipping-taxable","22":"purchasable","23":"product-type-simple"},"aioseo_notices":[],"jetpack_sharing_enabled":true,"_links":{"self":[{"href":"https:\/\/officeplan.pt\/pt\/wp-json\/wp\/v2\/product\/4514","targetHints":{"allow":["GET"]}}],"collection":[{"href":"https:\/\/officeplan.pt\/pt\/wp-json\/wp\/v2\/product"}],"about":[{"href":"https:\/\/officeplan.pt\/pt\/wp-json\/wp\/v2\/types\/product"}],"version-history":[{"count":1,"href":"https:\/\/officeplan.pt\/pt\/wp-json\/wp\/v2\/product\/4514\/revisions"}],"predecessor-version":[{"id":9474,"href":"https:\/\/officeplan.pt\/pt\/wp-json\/wp\/v2\/product\/4514\/revisions\/9474"}],"wp:featuredmedia":[{"embeddable":true,"href":"https:\/\/officeplan.pt\/pt\/wp-json\/wp\/v2\/media\/9475"}],"wp:attachment":[{"href":"https:\/\/officeplan.pt\/pt\/wp-json\/wp\/v2\/media?parent=4514"}],"wp:term":[{"taxonomy":"product_brand","embeddable":true,"href":"https:\/\/officeplan.pt\/pt\/wp-json\/wp\/v2\/product_brand?post=4514"},{"taxonomy":"product_cat","embeddable":true,"href":"https:\/\/officeplan.pt\/pt\/wp-json\/wp\/v2\/product_cat?post=4514"},{"taxonomy":"product_tag","embeddable":true,"href":"https:\/\/officeplan.pt\/pt\/wp-json\/wp\/v2\/product_tag?post=4514"}],"curies":[{"name":"wp","href":"https:\/\/api.w.org\/{rel}","templated":true}]}}