{"id":4539,"date":"2016-09-03T23:26:51","date_gmt":"2016-09-03T23:26:51","guid":{"rendered":"https:\/\/b-tech.pt\/?post_type=product&#038;p=4539"},"modified":"2023-01-29T17:25:27","modified_gmt":"2023-01-29T17:25:27","slug":"persiana","status":"publish","type":"product","link":"https:\/\/officeplan.pt\/pt\/produto\/persiana\/","title":{"rendered":"Persiana"},"content":{"rendered":"<p>Arm\u00e1rio\u00a0persiana<\/p>\n<p>Estrutura met\u00e1lica em chapa de a\u00e7o com 1mm e pintura a epoxy<\/p>\n<p>Em persiana composta de PVC n\u00e3o plastificado estabilizado com sais de chumbo.<\/p>\n<p>Dispon\u00edveis nas medidas:<\/p>\n<p>740x800x430\u00a0 est\u00e1 inclu\u00eddo 1 prateleira<br \/>\n740x1000x430\u00a0 est\u00e1 inclu\u00eddo 1 prateleira<br \/>\n740x1200x430\u00a0 est\u00e1 inclu\u00eddo 1 prateleira<\/p>\n<p>810x800x430\u00a0est\u00e1 inclu\u00eddo 1 prateleira<br \/>\n810x1000x430\u00a0est\u00e1 inclu\u00eddo 1 prateleira<br \/>\n810x1200x430\u00a0est\u00e1 inclu\u00eddo 1 prateleira<\/p>\n<p>1080x800x430\u00a0est\u00e1 inclu\u00eddo 2 prateleiras<br \/>\n1080x1000x430\u00a0est\u00e1 inclu\u00eddo 2 prateleiras<br \/>\n1080x1200x430\u00a0est\u00e1 inclu\u00eddo 2 prateleiras<\/p>\n<p>1580x800x430\u00a0est\u00e1 inclu\u00eddo 3 prateleiras<br \/>\n1580x1000x430\u00a0est\u00e1 inclu\u00eddo 3 prateleiras<br \/>\n1580x1200x430\u00a0est\u00e1 inclu\u00eddo 3 prateleiras<\/p>\n<p>1950x800x430\u00a0est\u00e1 inclu\u00eddo 4 prateleiras<br \/>\n1950x1000x430\u00a0est\u00e1 inclu\u00eddo 4 prateleiras<br \/>\n1950x1200x430\u00a0est\u00e1 inclu\u00eddo 4 prateleiras<\/p>\n","protected":false},"excerpt":{"rendered":"<p>Arm\u00e1rio\u00a0persiana Estrutura met\u00e1lica em chapa de a\u00e7o com 1mm e pintura a epoxy Em persiana composta de PVC n\u00e3o plastificado<\/p>\n","protected":false},"featured_media":9481,"template":"","meta":[],"product_brand":[],"product_cat":[764,103,753],"product_tag":[642,643,573,530,539,648,617],"class_list":{"0":"post-4539","1":"product","2":"type-product","3":"status-publish","4":"has-post-thumbnail","6":"product_cat-armarios-mobiliario-de-escritorio-mobiliario","7":"product_cat-mobiliario","8":"product_cat-mobiliario-de-escritorio-mobiliario","9":"product_tag-armario","10":"product_tag-arquivo","11":"product_tag-arrumacao","12":"product_tag-escritorio","13":"product_tag-mobiliario-de-escritorio","14":"product_tag-pastas","15":"product_tag-pastas-de-escritorio","17":"first","18":"instock","19":"taxable","20":"shipping-taxable","21":"purchasable","22":"product-type-simple"},"aioseo_notices":[],"jetpack_sharing_enabled":true,"_links":{"self":[{"href":"https:\/\/officeplan.pt\/pt\/wp-json\/wp\/v2\/product\/4539","targetHints":{"allow":["GET"]}}],"collection":[{"href":"https:\/\/officeplan.pt\/pt\/wp-json\/wp\/v2\/product"}],"about":[{"href":"https:\/\/officeplan.pt\/pt\/wp-json\/wp\/v2\/types\/product"}],"version-history":[{"count":1,"href":"https:\/\/officeplan.pt\/pt\/wp-json\/wp\/v2\/product\/4539\/revisions"}],"predecessor-version":[{"id":9480,"href":"https:\/\/officeplan.pt\/pt\/wp-json\/wp\/v2\/product\/4539\/revisions\/9480"}],"wp:featuredmedia":[{"embeddable":true,"href":"https:\/\/officeplan.pt\/pt\/wp-json\/wp\/v2\/media\/9481"}],"wp:attachment":[{"href":"https:\/\/officeplan.pt\/pt\/wp-json\/wp\/v2\/media?parent=4539"}],"wp:term":[{"taxonomy":"product_brand","embeddable":true,"href":"https:\/\/officeplan.pt\/pt\/wp-json\/wp\/v2\/product_brand?post=4539"},{"taxonomy":"product_cat","embeddable":true,"href":"https:\/\/officeplan.pt\/pt\/wp-json\/wp\/v2\/product_cat?post=4539"},{"taxonomy":"product_tag","embeddable":true,"href":"https:\/\/officeplan.pt\/pt\/wp-json\/wp\/v2\/product_tag?post=4539"}],"curies":[{"name":"wp","href":"https:\/\/api.w.org\/{rel}","templated":true}]}}