{"id":4544,"date":"2016-09-03T23:35:39","date_gmt":"2016-09-03T23:35:39","guid":{"rendered":"https:\/\/b-tech.pt\/?post_type=product&#038;p=4544"},"modified":"2023-01-29T17:25:30","modified_gmt":"2023-01-29T17:25:30","slug":"porta-de-correr-chapa","status":"publish","type":"product","link":"https:\/\/officeplan.pt\/pt\/produto\/porta-de-correr-chapa\/","title":{"rendered":"Porta de Correr Chapa"},"content":{"rendered":"<p>Arm\u00e1rio\u00a0portas de correr em chapa<\/p>\n<p>Estrutura met\u00e1lica em chapa de a\u00e7o com 1mm e pintura a epoxy<\/p>\n<p>Dispon\u00edveis nas medidas:<\/p>\n<p>810x800x430\u00a0est\u00e1 inclu\u00eddo 1 prateleira<br \/>\n810x1000x430\u00a0est\u00e1 inclu\u00eddo 1 prateleira<br \/>\n810x1200x430\u00a0est\u00e1 inclu\u00eddo 1 prateleira<\/p>\n<p>1530x800x430\u00a0est\u00e1 inclu\u00eddo 3 prateleiras<br \/>\n1530x1000x430\u00a0est\u00e1 inclu\u00eddo 3 prateleiras<br \/>\n1530x1200x430\u00a0est\u00e1 inclu\u00eddo 3 prateleiras<\/p>\n","protected":false},"excerpt":{"rendered":"<p>Arm\u00e1rio\u00a0portas de correr em chapa Estrutura met\u00e1lica em chapa de a\u00e7o com 1mm e pintura a epoxy Dispon\u00edveis nas medidas:<\/p>\n","protected":false},"featured_media":9485,"template":"","meta":[],"product_brand":[],"product_cat":[764,103,753],"product_tag":[642,530,529,539,648,617,657],"class_list":{"0":"post-4544","1":"product","2":"type-product","3":"status-publish","4":"has-post-thumbnail","6":"product_cat-armarios-mobiliario-de-escritorio-mobiliario","7":"product_cat-mobiliario","8":"product_cat-mobiliario-de-escritorio-mobiliario","9":"product_tag-armario","10":"product_tag-escritorio","11":"product_tag-mobiliario","12":"product_tag-mobiliario-de-escritorio","13":"product_tag-pastas","14":"product_tag-pastas-de-escritorio","15":"product_tag-portas-de-correr","17":"first","18":"instock","19":"taxable","20":"shipping-taxable","21":"purchasable","22":"product-type-simple"},"aioseo_notices":[],"jetpack_sharing_enabled":true,"_links":{"self":[{"href":"https:\/\/officeplan.pt\/pt\/wp-json\/wp\/v2\/product\/4544","targetHints":{"allow":["GET"]}}],"collection":[{"href":"https:\/\/officeplan.pt\/pt\/wp-json\/wp\/v2\/product"}],"about":[{"href":"https:\/\/officeplan.pt\/pt\/wp-json\/wp\/v2\/types\/product"}],"version-history":[{"count":1,"href":"https:\/\/officeplan.pt\/pt\/wp-json\/wp\/v2\/product\/4544\/revisions"}],"predecessor-version":[{"id":9484,"href":"https:\/\/officeplan.pt\/pt\/wp-json\/wp\/v2\/product\/4544\/revisions\/9484"}],"wp:featuredmedia":[{"embeddable":true,"href":"https:\/\/officeplan.pt\/pt\/wp-json\/wp\/v2\/media\/9485"}],"wp:attachment":[{"href":"https:\/\/officeplan.pt\/pt\/wp-json\/wp\/v2\/media?parent=4544"}],"wp:term":[{"taxonomy":"product_brand","embeddable":true,"href":"https:\/\/officeplan.pt\/pt\/wp-json\/wp\/v2\/product_brand?post=4544"},{"taxonomy":"product_cat","embeddable":true,"href":"https:\/\/officeplan.pt\/pt\/wp-json\/wp\/v2\/product_cat?post=4544"},{"taxonomy":"product_tag","embeddable":true,"href":"https:\/\/officeplan.pt\/pt\/wp-json\/wp\/v2\/product_tag?post=4544"}],"curies":[{"name":"wp","href":"https:\/\/api.w.org\/{rel}","templated":true}]}}