{"id":4550,"date":"2016-09-04T00:41:08","date_gmt":"2016-09-04T00:41:08","guid":{"rendered":"https:\/\/b-tech.pt\/?post_type=product&#038;p=4550"},"modified":"2023-01-29T17:25:30","modified_gmt":"2023-01-29T17:25:30","slug":"15-cacifos","status":"publish","type":"product","link":"https:\/\/officeplan.pt\/pt\/produto\/15-cacifos\/","title":{"rendered":"15 Cacifos"},"content":{"rendered":"<p>Vesti\u00e1rio 15 Cacifos<\/p>\n<p>Estrutura met\u00e1lica em chapa de a\u00e7o com 8mm e pintura a epoxy<\/p>\n<p>Dispon\u00edveis nas medidas:<\/p>\n<p>1900x900x500 cinza<\/p>\n<p>CARACTER\u00cdSTICAS<br \/>\nPortas Refor\u00e7adas<br \/>\nDobradi\u00e7as Ocultas<br \/>\nVentila\u00e7\u00e3o Frontal<br \/>\nCada Fechadura com duas chaves<br \/>\nDispon\u00edvel em\u00a0outras cores<\/p>\n","protected":false},"excerpt":{"rendered":"<p>Vesti\u00e1rio 15 Cacifos Estrutura met\u00e1lica em chapa de a\u00e7o com 8mm e pintura a epoxy Dispon\u00edveis nas medidas: 1900x900x500 cinza<\/p>\n","protected":false},"featured_media":9489,"template":"","meta":[],"product_brand":[],"product_cat":[103,753,762,763],"product_tag":[639,635,638,621,640,655,527,636,634],"class_list":{"0":"post-4550","1":"product","2":"type-product","3":"status-publish","4":"has-post-thumbnail","6":"product_cat-mobiliario","7":"product_cat-mobiliario-de-escritorio-mobiliario","8":"product_cat-vestiarios-mobiliario-de-escritorio-mobiliario","9":"product_cat-vestiarios-vestiarios-mobiliario-de-escritorio-mobiliario","10":"product_tag-balnearios","11":"product_tag-cacifos","12":"product_tag-empregados","13":"product_tag-fabrica","14":"product_tag-ginasio","15":"product_tag-np1116","16":"product_tag-roupa","17":"product_tag-roupeiros","18":"product_tag-vestiarios","20":"first","21":"instock","22":"taxable","23":"shipping-taxable","24":"purchasable","25":"product-type-simple"},"aioseo_notices":[],"jetpack_sharing_enabled":true,"_links":{"self":[{"href":"https:\/\/officeplan.pt\/pt\/wp-json\/wp\/v2\/product\/4550","targetHints":{"allow":["GET"]}}],"collection":[{"href":"https:\/\/officeplan.pt\/pt\/wp-json\/wp\/v2\/product"}],"about":[{"href":"https:\/\/officeplan.pt\/pt\/wp-json\/wp\/v2\/types\/product"}],"version-history":[{"count":1,"href":"https:\/\/officeplan.pt\/pt\/wp-json\/wp\/v2\/product\/4550\/revisions"}],"predecessor-version":[{"id":9488,"href":"https:\/\/officeplan.pt\/pt\/wp-json\/wp\/v2\/product\/4550\/revisions\/9488"}],"wp:featuredmedia":[{"embeddable":true,"href":"https:\/\/officeplan.pt\/pt\/wp-json\/wp\/v2\/media\/9489"}],"wp:attachment":[{"href":"https:\/\/officeplan.pt\/pt\/wp-json\/wp\/v2\/media?parent=4550"}],"wp:term":[{"taxonomy":"product_brand","embeddable":true,"href":"https:\/\/officeplan.pt\/pt\/wp-json\/wp\/v2\/product_brand?post=4550"},{"taxonomy":"product_cat","embeddable":true,"href":"https:\/\/officeplan.pt\/pt\/wp-json\/wp\/v2\/product_cat?post=4550"},{"taxonomy":"product_tag","embeddable":true,"href":"https:\/\/officeplan.pt\/pt\/wp-json\/wp\/v2\/product_tag?post=4550"}],"curies":[{"name":"wp","href":"https:\/\/api.w.org\/{rel}","templated":true}]}}