{"id":4552,"date":"2016-09-04T01:11:39","date_gmt":"2016-09-04T01:11:39","guid":{"rendered":"https:\/\/b-tech.pt\/?post_type=product&#038;p=4552"},"modified":"2023-01-29T17:25:30","modified_gmt":"2023-01-29T17:25:30","slug":"armario-militar-amgnr","status":"publish","type":"product","link":"https:\/\/officeplan.pt\/pt\/produto\/armario-militar-amgnr\/","title":{"rendered":"Arm\u00e1rio Militar (AMGNR)"},"content":{"rendered":"<p>Arm\u00e1rio MILITAR ou GNR com uma porta:<\/p>\n<p>Estrutura realizada em a\u00e7o de 0,8 mm de espessura, pintada em epoxi termo endurecido com acabamento cinza.<\/p>\n<p>Interior com dois cabides e separador\u00a0lateral;<\/p>\n<p>Cont\u00e9m duas prateleiras met\u00e1licas na parte (superior \/ inferior) e var\u00e3o porta cruzetas;<\/p>\n<p>Portas refor\u00e7adas, ranhura de identifica\u00e7\u00e3o; \u00a0&#8211; Sistema para arma;<\/p>\n<p>Ventila\u00e7\u00e3o frontal (inferior e superior);<\/p>\n<p>Com p\u00e9s e niveladores<\/p>\n<p>&nbsp;<\/p>\n<p>&nbsp;<\/p>\n","protected":false},"excerpt":{"rendered":"<p>Arm\u00e1rio MILITAR ou GNR com uma porta: Estrutura realizada em a\u00e7o de 0,8 mm de espessura, pintada em epoxi termo<\/p>\n","protected":false},"featured_media":9491,"template":"","meta":[],"product_brand":[],"product_cat":[103,753,762,763],"product_tag":[659,650,660,655,527,636,634],"class_list":{"0":"post-4552","1":"product","2":"type-product","3":"status-publish","4":"has-post-thumbnail","6":"product_cat-mobiliario","7":"product_cat-mobiliario-de-escritorio-mobiliario","8":"product_cat-vestiarios-mobiliario-de-escritorio-mobiliario","9":"product_cat-vestiarios-vestiarios-mobiliario-de-escritorio-mobiliario","10":"product_tag-gnr","11":"product_tag-metalico","12":"product_tag-militar","13":"product_tag-np1116","14":"product_tag-roupa","15":"product_tag-roupeiros","16":"product_tag-vestiarios","18":"first","19":"instock","20":"taxable","21":"shipping-taxable","22":"purchasable","23":"product-type-simple"},"aioseo_notices":[],"jetpack_sharing_enabled":true,"_links":{"self":[{"href":"https:\/\/officeplan.pt\/pt\/wp-json\/wp\/v2\/product\/4552","targetHints":{"allow":["GET"]}}],"collection":[{"href":"https:\/\/officeplan.pt\/pt\/wp-json\/wp\/v2\/product"}],"about":[{"href":"https:\/\/officeplan.pt\/pt\/wp-json\/wp\/v2\/types\/product"}],"version-history":[{"count":1,"href":"https:\/\/officeplan.pt\/pt\/wp-json\/wp\/v2\/product\/4552\/revisions"}],"predecessor-version":[{"id":9490,"href":"https:\/\/officeplan.pt\/pt\/wp-json\/wp\/v2\/product\/4552\/revisions\/9490"}],"wp:featuredmedia":[{"embeddable":true,"href":"https:\/\/officeplan.pt\/pt\/wp-json\/wp\/v2\/media\/9491"}],"wp:attachment":[{"href":"https:\/\/officeplan.pt\/pt\/wp-json\/wp\/v2\/media?parent=4552"}],"wp:term":[{"taxonomy":"product_brand","embeddable":true,"href":"https:\/\/officeplan.pt\/pt\/wp-json\/wp\/v2\/product_brand?post=4552"},{"taxonomy":"product_cat","embeddable":true,"href":"https:\/\/officeplan.pt\/pt\/wp-json\/wp\/v2\/product_cat?post=4552"},{"taxonomy":"product_tag","embeddable":true,"href":"https:\/\/officeplan.pt\/pt\/wp-json\/wp\/v2\/product_tag?post=4552"}],"curies":[{"name":"wp","href":"https:\/\/api.w.org\/{rel}","templated":true}]}}