{"id":4565,"date":"2016-09-04T11:35:57","date_gmt":"2016-09-04T11:35:57","guid":{"rendered":"https:\/\/b-tech.pt\/?post_type=product&#038;p=4565"},"modified":"2023-01-29T17:25:32","modified_gmt":"2023-01-29T17:25:32","slug":"fenolico-2","status":"publish","type":"product","link":"https:\/\/officeplan.pt\/pt\/produto\/fenolico-2\/","title":{"rendered":"Fen\u00f3lico"},"content":{"rendered":"<p>Banco de balne\u00e1rio com ripas de fen\u00f3lico<\/p>\n<p>Pre\u00e7o sob consulta. Para adquirir este ou outros produtos, entre em contacto.<\/p>\n","protected":false},"excerpt":{"rendered":"<p>Banco de balne\u00e1rio com ripas de fen\u00f3lico Pre\u00e7o sob consulta. Para adquirir este ou outros produtos, entre em contacto.<\/p>\n","protected":false},"featured_media":9499,"template":"","meta":[],"product_brand":[],"product_cat":[766,103,753,762],"product_tag":[664,679,687,670,639,652,688,673,681,669,683,676,685,671,500,686,682,692,569,677,689,693,680,678,672,503,675,691,655,666,694,674,690,665,684,668,667,634],"class_list":{"0":"post-4565","1":"product","2":"type-product","3":"status-publish","4":"has-post-thumbnail","6":"product_cat-acessorios","7":"product_cat-mobiliario","8":"product_cat-mobiliario-de-escritorio-mobiliario","9":"product_cat-vestiarios-mobiliario-de-escritorio-mobiliario","10":"product_tag-construcoes","11":"product_tag-ambientes-esterilizados","12":"product_tag-ambientes-publicos","13":"product_tag-armarios","14":"product_tag-balnearios","15":"product_tag-bancos","16":"product_tag-bares","17":"product_tag-cabines-de-duche","18":"product_tag-cabines-refrigeradoras","19":"product_tag-cadeiras","20":"product_tag-casas","21":"product_tag-cirurgia","22":"product_tag-comercio","23":"product_tag-cozinhas","24":"product_tag-divisorias","25":"product_tag-escolas-e-universidades","26":"product_tag-escritorios","27":"product_tag-estacoes-de-caminhos-de-ferro-e-metro","28":"product_tag-estantes","29":"product_tag-farmacias","30":"product_tag-hoteis","31":"product_tag-iates-e-navios","32":"product_tag-instalacoes-industriais-alimentares-e-nao-alimentares","33":"product_tag-laboratorios-de-analises","34":"product_tag-lavatorios","35":"product_tag-mesas","36":"product_tag-mesas-de-tenis-de-mesa-e-objectos-de-design-hospitais","37":"product_tag-mobiliario-urbano","38":"product_tag-np1116","39":"product_tag-paredes","40":"product_tag-piscinas","41":"product_tag-placards","42":"product_tag-restaurantes","43":"product_tag-revestimentos","44":"product_tag-salas-de-conferencia","45":"product_tag-superficies-de-trabalho","46":"product_tag-tetos-falsos","47":"product_tag-vestiarios","49":"first","50":"instock","51":"taxable","52":"shipping-taxable","53":"purchasable","54":"product-type-simple"},"aioseo_notices":[],"jetpack_sharing_enabled":true,"_links":{"self":[{"href":"https:\/\/officeplan.pt\/pt\/wp-json\/wp\/v2\/product\/4565","targetHints":{"allow":["GET"]}}],"collection":[{"href":"https:\/\/officeplan.pt\/pt\/wp-json\/wp\/v2\/product"}],"about":[{"href":"https:\/\/officeplan.pt\/pt\/wp-json\/wp\/v2\/types\/product"}],"version-history":[{"count":1,"href":"https:\/\/officeplan.pt\/pt\/wp-json\/wp\/v2\/product\/4565\/revisions"}],"predecessor-version":[{"id":9498,"href":"https:\/\/officeplan.pt\/pt\/wp-json\/wp\/v2\/product\/4565\/revisions\/9498"}],"wp:featuredmedia":[{"embeddable":true,"href":"https:\/\/officeplan.pt\/pt\/wp-json\/wp\/v2\/media\/9499"}],"wp:attachment":[{"href":"https:\/\/officeplan.pt\/pt\/wp-json\/wp\/v2\/media?parent=4565"}],"wp:term":[{"taxonomy":"product_brand","embeddable":true,"href":"https:\/\/officeplan.pt\/pt\/wp-json\/wp\/v2\/product_brand?post=4565"},{"taxonomy":"product_cat","embeddable":true,"href":"https:\/\/officeplan.pt\/pt\/wp-json\/wp\/v2\/product_cat?post=4565"},{"taxonomy":"product_tag","embeddable":true,"href":"https:\/\/officeplan.pt\/pt\/wp-json\/wp\/v2\/product_tag?post=4565"}],"curies":[{"name":"wp","href":"https:\/\/api.w.org\/{rel}","templated":true}]}}