{"id":4574,"date":"2016-09-04T11:56:41","date_gmt":"2016-09-04T11:56:41","guid":{"rendered":"https:\/\/b-tech.pt\/?post_type=product&#038;p=4574"},"modified":"2023-01-29T17:25:33","modified_gmt":"2023-01-29T17:25:33","slug":"tecido-vidro-fosco","status":"publish","type":"product","link":"https:\/\/officeplan.pt\/pt\/produto\/tecido-vidro-fosco\/","title":{"rendered":"Tecido\/ Vidro Fosco"},"content":{"rendered":"<p>Biombo misto em tecido \/ vidro fosco<\/p>\n<p>Dispon\u00edveis nas medidas:<\/p>\n<p>1600x800x70<\/p>\n<p>1600x1000x70<\/p>\n<p>1600x1200x70<\/p>\n<p>1900x800x70<\/p>\n<p>1900x1000x70<\/p>\n<p>1900x1200x70<\/p>\n<p>CARACTER\u00cdSTICAS T\u00c9CNICAS:<br \/>\nESTRUTURA<br \/>\n\u2022 Em chapa de a\u00e7o laminado a frio de 1,25mm de espessura<br \/>\nformando um monobloco.<br \/>\n\u2022 Pintura epoxy com deposi\u00e7\u00e3o m\u00ednima de 40 microns.<br \/>\nRODAP\u00c9<br \/>\n\u2022 Em chapa de a\u00e7o laminado a frio de 0,8mm de espessura.<br \/>\n\u2022 Pintura epoxy com deposi\u00e7\u00e3o m\u00ednima de 40 microns.<br \/>\nPAINEIS<br \/>\n\u2022Em aglomerado de 10mm de espessura revestidos a tecido.<br \/>\n\u2022 Em Vidro de 4mm de espessura com arestas quebradas.<br \/>\n\u2022 Em melamina de 16mm de espessura, com uma orla em<br \/>\nPVC de 0,7mm em todas as faces.<br \/>\nSAPATAS<br \/>\n\u2022 Em barra de a\u00e7o laminada a frio de 60x8mm de espessura.<br \/>\n\u2022 Pintura epoxy com deposi\u00e7\u00e3o m\u00ednima de 40 microns.<\/p>\n<p>&nbsp;<\/p>\n","protected":false},"excerpt":{"rendered":"<p>Biombo misto em tecido \/ vidro fosco Dispon\u00edveis nas medidas: 1600x800x70 1600x1000x70 1600x1200x70 1900x800x70 1900x1000x70 1900x1200x70 CARACTER\u00cdSTICAS T\u00c9CNICAS: ESTRUTURA \u2022<\/p>\n","protected":false},"featured_media":9508,"template":"","meta":[],"product_brand":[],"product_cat":[765,758],"product_tag":[644,500,530,645,539],"class_list":{"0":"post-4574","1":"product","2":"type-product","3":"status-publish","4":"has-post-thumbnail","6":"product_cat-biombos-estantes-metalicas-mobiliario","7":"product_cat-estantes-metalicas-mobiliario","8":"product_tag-biombos","9":"product_tag-divisorias","10":"product_tag-escritorio","11":"product_tag-misto","12":"product_tag-mobiliario-de-escritorio","14":"first","15":"instock","16":"taxable","17":"shipping-taxable","18":"purchasable","19":"product-type-simple"},"aioseo_notices":[],"jetpack_sharing_enabled":true,"_links":{"self":[{"href":"https:\/\/officeplan.pt\/pt\/wp-json\/wp\/v2\/product\/4574","targetHints":{"allow":["GET"]}}],"collection":[{"href":"https:\/\/officeplan.pt\/pt\/wp-json\/wp\/v2\/product"}],"about":[{"href":"https:\/\/officeplan.pt\/pt\/wp-json\/wp\/v2\/types\/product"}],"version-history":[{"count":1,"href":"https:\/\/officeplan.pt\/pt\/wp-json\/wp\/v2\/product\/4574\/revisions"}],"predecessor-version":[{"id":9507,"href":"https:\/\/officeplan.pt\/pt\/wp-json\/wp\/v2\/product\/4574\/revisions\/9507"}],"wp:featuredmedia":[{"embeddable":true,"href":"https:\/\/officeplan.pt\/pt\/wp-json\/wp\/v2\/media\/9508"}],"wp:attachment":[{"href":"https:\/\/officeplan.pt\/pt\/wp-json\/wp\/v2\/media?parent=4574"}],"wp:term":[{"taxonomy":"product_brand","embeddable":true,"href":"https:\/\/officeplan.pt\/pt\/wp-json\/wp\/v2\/product_brand?post=4574"},{"taxonomy":"product_cat","embeddable":true,"href":"https:\/\/officeplan.pt\/pt\/wp-json\/wp\/v2\/product_cat?post=4574"},{"taxonomy":"product_tag","embeddable":true,"href":"https:\/\/officeplan.pt\/pt\/wp-json\/wp\/v2\/product_tag?post=4574"}],"curies":[{"name":"wp","href":"https:\/\/api.w.org\/{rel}","templated":true}]}}