{"id":4605,"date":"2016-09-04T18:33:29","date_gmt":"2016-09-04T18:33:29","guid":{"rendered":"https:\/\/b-tech.pt\/?post_type=product&#038;p=4605"},"modified":"2023-01-29T17:25:41","modified_gmt":"2023-01-29T17:25:41","slug":"mesa-12","status":"publish","type":"product","link":"https:\/\/officeplan.pt\/pt\/produto\/mesa-12\/","title":{"rendered":"Mesa"},"content":{"rendered":"<p>Mesa Meia Lua ou Trapezoidal<\/p>\n<p>P\u00e9s tubo de a\u00e7o quadrado 25<\/p>\n<p>Aro de suporte ao tampo, tubo rectangular 35\u00d720<\/p>\n<p>Altura- 410 \u2013 750<\/p>\n<p>Tampos em termol. (22mm) contraface forrado a melamina<\/p>\n<p>ou<\/p>\n<p>Tampos em melamina 22mm<\/p>\n<p>Dispon\u00edveis nas medidas:<br \/>\n1200&#215;600<br \/>\n1300&#215;650<\/p>\n","protected":false},"excerpt":{"rendered":"<p>Mesa Meia Lua ou Trapezoidal P\u00e9s tubo de a\u00e7o quadrado 25 Aro de suporte ao tampo, tubo rectangular 35\u00d720 Altura-<\/p>\n","protected":false},"featured_media":9538,"template":"","meta":[],"product_brand":[],"product_cat":[768,767],"product_tag":[697,701,686,696,700,705,506,684],"class_list":{"0":"post-4605","1":"product","2":"type-product","3":"status-publish","4":"has-post-thumbnail","6":"product_cat-mesas-escolares-mobiliario-escolar-mobiliario","7":"product_cat-mobiliario-escolar-mobiliario","8":"product_tag-alunos","9":"product_tag-escolar","10":"product_tag-escolas-e-universidades","11":"product_tag-infantario","12":"product_tag-jardim-infancia","13":"product_tag-professores","14":"product_tag-sala","15":"product_tag-salas-de-conferencia","17":"first","18":"instock","19":"taxable","20":"shipping-taxable","21":"purchasable","22":"product-type-simple"},"aioseo_notices":[],"jetpack_sharing_enabled":true,"_links":{"self":[{"href":"https:\/\/officeplan.pt\/pt\/wp-json\/wp\/v2\/product\/4605","targetHints":{"allow":["GET"]}}],"collection":[{"href":"https:\/\/officeplan.pt\/pt\/wp-json\/wp\/v2\/product"}],"about":[{"href":"https:\/\/officeplan.pt\/pt\/wp-json\/wp\/v2\/types\/product"}],"version-history":[{"count":1,"href":"https:\/\/officeplan.pt\/pt\/wp-json\/wp\/v2\/product\/4605\/revisions"}],"predecessor-version":[{"id":9537,"href":"https:\/\/officeplan.pt\/pt\/wp-json\/wp\/v2\/product\/4605\/revisions\/9537"}],"wp:featuredmedia":[{"embeddable":true,"href":"https:\/\/officeplan.pt\/pt\/wp-json\/wp\/v2\/media\/9538"}],"wp:attachment":[{"href":"https:\/\/officeplan.pt\/pt\/wp-json\/wp\/v2\/media?parent=4605"}],"wp:term":[{"taxonomy":"product_brand","embeddable":true,"href":"https:\/\/officeplan.pt\/pt\/wp-json\/wp\/v2\/product_brand?post=4605"},{"taxonomy":"product_cat","embeddable":true,"href":"https:\/\/officeplan.pt\/pt\/wp-json\/wp\/v2\/product_cat?post=4605"},{"taxonomy":"product_tag","embeddable":true,"href":"https:\/\/officeplan.pt\/pt\/wp-json\/wp\/v2\/product_tag?post=4605"}],"curies":[{"name":"wp","href":"https:\/\/api.w.org\/{rel}","templated":true}]}}