{"id":4613,"date":"2016-09-04T19:14:20","date_gmt":"2016-09-04T19:14:20","guid":{"rendered":"https:\/\/b-tech.pt\/?post_type=product&#038;p=4613"},"modified":"2023-01-29T17:25:42","modified_gmt":"2023-01-29T17:25:42","slug":"mesa-15","status":"publish","type":"product","link":"https:\/\/officeplan.pt\/pt\/produto\/mesa-15\/","title":{"rendered":"Mesa"},"content":{"rendered":"<p>Mesa Meia Lua ou Trapezoidal<\/p>\n<p>P\u00e9s tubo de a\u00e7o redondo 40<\/p>\n<p>Aro de suporte ao tampo, tubo rectangular 35\u00d720<\/p>\n<p>Altura &#8211; 410 &#8211; 750<\/p>\n<p>Tampos em termol. (22mm) contraface forrado a melamina<\/p>\n<p>ou<\/p>\n<p>Tampos em melamina 22mm<\/p>\n<p>Dispon\u00edveis nas medidas:<br \/>\n1200\u00d7600<br \/>\n1300\u00d7650<\/p>\n","protected":false},"excerpt":{"rendered":"<p>Mesa Meia Lua ou Trapezoidal P\u00e9s tubo de a\u00e7o redondo 40 Aro de suporte ao tampo, tubo rectangular 35\u00d720 Altura<\/p>\n","protected":false},"featured_media":9546,"template":"","meta":[],"product_brand":[],"product_cat":[768,767],"product_tag":[664,697,703,701,686,696,700,705,538,506,684],"class_list":{"0":"post-4613","1":"product","2":"type-product","3":"status-publish","4":"has-post-thumbnail","6":"product_cat-mesas-escolares-mobiliario-escolar-mobiliario","7":"product_cat-mobiliario-escolar-mobiliario","8":"product_tag-construcoes","9":"product_tag-alunos","10":"product_tag-construtores","11":"product_tag-escolar","12":"product_tag-escolas-e-universidades","13":"product_tag-infantario","14":"product_tag-jardim-infancia","15":"product_tag-professores","16":"product_tag-reuniao","17":"product_tag-sala","18":"product_tag-salas-de-conferencia","20":"first","21":"instock","22":"taxable","23":"shipping-taxable","24":"purchasable","25":"product-type-simple"},"aioseo_notices":[],"jetpack_sharing_enabled":true,"_links":{"self":[{"href":"https:\/\/officeplan.pt\/pt\/wp-json\/wp\/v2\/product\/4613","targetHints":{"allow":["GET"]}}],"collection":[{"href":"https:\/\/officeplan.pt\/pt\/wp-json\/wp\/v2\/product"}],"about":[{"href":"https:\/\/officeplan.pt\/pt\/wp-json\/wp\/v2\/types\/product"}],"version-history":[{"count":1,"href":"https:\/\/officeplan.pt\/pt\/wp-json\/wp\/v2\/product\/4613\/revisions"}],"predecessor-version":[{"id":9545,"href":"https:\/\/officeplan.pt\/pt\/wp-json\/wp\/v2\/product\/4613\/revisions\/9545"}],"wp:featuredmedia":[{"embeddable":true,"href":"https:\/\/officeplan.pt\/pt\/wp-json\/wp\/v2\/media\/9546"}],"wp:attachment":[{"href":"https:\/\/officeplan.pt\/pt\/wp-json\/wp\/v2\/media?parent=4613"}],"wp:term":[{"taxonomy":"product_brand","embeddable":true,"href":"https:\/\/officeplan.pt\/pt\/wp-json\/wp\/v2\/product_brand?post=4613"},{"taxonomy":"product_cat","embeddable":true,"href":"https:\/\/officeplan.pt\/pt\/wp-json\/wp\/v2\/product_cat?post=4613"},{"taxonomy":"product_tag","embeddable":true,"href":"https:\/\/officeplan.pt\/pt\/wp-json\/wp\/v2\/product_tag?post=4613"}],"curies":[{"name":"wp","href":"https:\/\/api.w.org\/{rel}","templated":true}]}}