{"id":4620,"date":"2016-09-04T20:29:31","date_gmt":"2016-09-04T20:29:31","guid":{"rendered":"https:\/\/b-tech.pt\/?post_type=product&#038;p=4620"},"modified":"2023-01-29T17:25:42","modified_gmt":"2023-01-29T17:25:42","slug":"mesa-18","status":"publish","type":"product","link":"https:\/\/officeplan.pt\/pt\/produto\/mesa-18\/","title":{"rendered":"Mesa"},"content":{"rendered":"<p>Mesa\u00a0Circular<\/p>\n<p>P\u00e9s tubo de a\u00e7o redondo 50<\/p>\n<p>Aro de suporte ao tampo, tubo rectangular 35\u00d720 com niveladores<\/p>\n<p>Altura- 750<\/p>\n<p>Tampos em termol. (22mm) contraface forrado a melamina<\/p>\n<p>ou<\/p>\n<p>Tampos em melamina 22mm<\/p>\n<p>Dispon\u00edveis nas medidas:<br \/>\n1000<br \/>\n1200<\/p>\n<p>1400<br \/>\n1600<br \/>\n1800<\/p>\n","protected":false},"excerpt":{"rendered":"<p>Mesa\u00a0Circular P\u00e9s tubo de a\u00e7o redondo 50 Aro de suporte ao tampo, tubo rectangular 35\u00d720 com niveladores Altura- 750 Tampos<\/p>\n","protected":false},"featured_media":9553,"template":"","meta":[],"product_brand":[],"product_cat":[768,767],"product_tag":[664,697,703,706,686,696,700,148,705,538],"class_list":{"0":"post-4620","1":"product","2":"type-product","3":"status-publish","4":"has-post-thumbnail","6":"product_cat-mesas-escolares-mobiliario-escolar-mobiliario","7":"product_cat-mobiliario-escolar-mobiliario","8":"product_tag-construcoes","9":"product_tag-alunos","10":"product_tag-construtores","11":"product_tag-escola","12":"product_tag-escolas-e-universidades","13":"product_tag-infantario","14":"product_tag-jardim-infancia","15":"product_tag-mesa","16":"product_tag-professores","17":"product_tag-reuniao","19":"first","20":"instock","21":"taxable","22":"shipping-taxable","23":"purchasable","24":"product-type-simple"},"aioseo_notices":[],"jetpack_sharing_enabled":true,"_links":{"self":[{"href":"https:\/\/officeplan.pt\/pt\/wp-json\/wp\/v2\/product\/4620","targetHints":{"allow":["GET"]}}],"collection":[{"href":"https:\/\/officeplan.pt\/pt\/wp-json\/wp\/v2\/product"}],"about":[{"href":"https:\/\/officeplan.pt\/pt\/wp-json\/wp\/v2\/types\/product"}],"version-history":[{"count":1,"href":"https:\/\/officeplan.pt\/pt\/wp-json\/wp\/v2\/product\/4620\/revisions"}],"predecessor-version":[{"id":9552,"href":"https:\/\/officeplan.pt\/pt\/wp-json\/wp\/v2\/product\/4620\/revisions\/9552"}],"wp:featuredmedia":[{"embeddable":true,"href":"https:\/\/officeplan.pt\/pt\/wp-json\/wp\/v2\/media\/9553"}],"wp:attachment":[{"href":"https:\/\/officeplan.pt\/pt\/wp-json\/wp\/v2\/media?parent=4620"}],"wp:term":[{"taxonomy":"product_brand","embeddable":true,"href":"https:\/\/officeplan.pt\/pt\/wp-json\/wp\/v2\/product_brand?post=4620"},{"taxonomy":"product_cat","embeddable":true,"href":"https:\/\/officeplan.pt\/pt\/wp-json\/wp\/v2\/product_cat?post=4620"},{"taxonomy":"product_tag","embeddable":true,"href":"https:\/\/officeplan.pt\/pt\/wp-json\/wp\/v2\/product_tag?post=4620"}],"curies":[{"name":"wp","href":"https:\/\/api.w.org\/{rel}","templated":true}]}}