{"id":4622,"date":"2016-09-04T20:32:55","date_gmt":"2016-09-04T20:32:55","guid":{"rendered":"https:\/\/b-tech.pt\/?post_type=product&#038;p=4622"},"modified":"2023-01-29T17:25:45","modified_gmt":"2023-01-29T17:25:45","slug":"mesa-19","status":"publish","type":"product","link":"https:\/\/officeplan.pt\/pt\/produto\/mesa-19\/","title":{"rendered":"Mesa"},"content":{"rendered":"<p>Mesa Hexagonal<\/p>\n<p>P\u00e9s tubo de a\u00e7o redondo 40<\/p>\n<p>Aro de suporte ao tampo, tubo rectangular 35\u00d720<\/p>\n<p>Altura- 410 \u2013 750<\/p>\n<p>Tampos em termol. (22mm) contraface forrado a melamina<\/p>\n<p>ou<\/p>\n<p>Tampos em melamina 22mm<\/p>\n<p>Dispon\u00edveis nas medidas:<br \/>\n1000<br \/>\n1100<br \/>\n1200<\/p>\n<p>1000<br \/>\n1100<br \/>\n1200<br \/>\n1300<\/p>\n","protected":false},"excerpt":{"rendered":"<p>Mesa Hexagonal P\u00e9s tubo de a\u00e7o redondo 40 Aro de suporte ao tampo, tubo rectangular 35\u00d720 Altura- 410 \u2013 750<\/p>\n","protected":false},"featured_media":9555,"template":"","meta":[],"product_brand":[],"product_cat":[768,767],"product_tag":[664,697,704,703,701,686,696,700,544],"class_list":{"0":"post-4622","1":"product","2":"type-product","3":"status-publish","4":"has-post-thumbnail","6":"product_cat-mesas-escolares-mobiliario-escolar-mobiliario","7":"product_cat-mobiliario-escolar-mobiliario","8":"product_tag-construcoes","9":"product_tag-alunos","10":"product_tag-aulas","11":"product_tag-construtores","12":"product_tag-escolar","13":"product_tag-escolas-e-universidades","14":"product_tag-infantario","15":"product_tag-jardim-infancia","16":"product_tag-mesa-de-reuniao","18":"first","19":"instock","20":"taxable","21":"shipping-taxable","22":"purchasable","23":"product-type-simple"},"aioseo_notices":[],"jetpack_sharing_enabled":true,"_links":{"self":[{"href":"https:\/\/officeplan.pt\/pt\/wp-json\/wp\/v2\/product\/4622","targetHints":{"allow":["GET"]}}],"collection":[{"href":"https:\/\/officeplan.pt\/pt\/wp-json\/wp\/v2\/product"}],"about":[{"href":"https:\/\/officeplan.pt\/pt\/wp-json\/wp\/v2\/types\/product"}],"version-history":[{"count":1,"href":"https:\/\/officeplan.pt\/pt\/wp-json\/wp\/v2\/product\/4622\/revisions"}],"predecessor-version":[{"id":9554,"href":"https:\/\/officeplan.pt\/pt\/wp-json\/wp\/v2\/product\/4622\/revisions\/9554"}],"wp:featuredmedia":[{"embeddable":true,"href":"https:\/\/officeplan.pt\/pt\/wp-json\/wp\/v2\/media\/9555"}],"wp:attachment":[{"href":"https:\/\/officeplan.pt\/pt\/wp-json\/wp\/v2\/media?parent=4622"}],"wp:term":[{"taxonomy":"product_brand","embeddable":true,"href":"https:\/\/officeplan.pt\/pt\/wp-json\/wp\/v2\/product_brand?post=4622"},{"taxonomy":"product_cat","embeddable":true,"href":"https:\/\/officeplan.pt\/pt\/wp-json\/wp\/v2\/product_cat?post=4622"},{"taxonomy":"product_tag","embeddable":true,"href":"https:\/\/officeplan.pt\/pt\/wp-json\/wp\/v2\/product_tag?post=4622"}],"curies":[{"name":"wp","href":"https:\/\/api.w.org\/{rel}","templated":true}]}}