{"id":4630,"date":"2016-09-04T20:51:50","date_gmt":"2016-09-04T20:51:50","guid":{"rendered":"https:\/\/b-tech.pt\/?post_type=product&#038;p=4630"},"modified":"2023-01-29T17:25:46","modified_gmt":"2023-01-29T17:25:46","slug":"cadeira-5","status":"publish","type":"product","link":"https:\/\/officeplan.pt\/pt\/produto\/cadeira-5\/","title":{"rendered":"Cadeira"},"content":{"rendered":"<p>Cadeira Adulto<\/p>\n<p>Empilh\u00e1vel<\/p>\n<p>Tubo de a\u00e7o redondo 19<\/p>\n<p>Casco em polipropileno, com almofadas<\/p>\n<p>C\u00f4res diversas<\/p>\n","protected":false},"excerpt":{"rendered":"<p>Cadeira Adulto Empilh\u00e1vel Tubo de a\u00e7o redondo 19 Casco em polipropileno, com almofadas C\u00f4res diversas<\/p>\n","protected":false},"featured_media":9563,"template":"","meta":[],"product_brand":[],"product_cat":[769,767],"product_tag":[664,708,704,707,703,706,686,700,705,699],"class_list":{"0":"post-4630","1":"product","2":"type-product","3":"status-publish","4":"has-post-thumbnail","6":"product_cat-cadeiras-escolares-mobiliario-escolar-mobiliario","7":"product_cat-mobiliario-escolar-mobiliario","8":"product_tag-construcoes","9":"product_tag-auditorios","10":"product_tag-aulas","11":"product_tag-congressos","12":"product_tag-construtores","13":"product_tag-escola","14":"product_tag-escolas-e-universidades","15":"product_tag-jardim-infancia","16":"product_tag-professores","17":"product_tag-reunioes","19":"first","20":"instock","21":"taxable","22":"shipping-taxable","23":"purchasable","24":"product-type-simple"},"aioseo_notices":[],"jetpack_sharing_enabled":true,"_links":{"self":[{"href":"https:\/\/officeplan.pt\/pt\/wp-json\/wp\/v2\/product\/4630","targetHints":{"allow":["GET"]}}],"collection":[{"href":"https:\/\/officeplan.pt\/pt\/wp-json\/wp\/v2\/product"}],"about":[{"href":"https:\/\/officeplan.pt\/pt\/wp-json\/wp\/v2\/types\/product"}],"version-history":[{"count":1,"href":"https:\/\/officeplan.pt\/pt\/wp-json\/wp\/v2\/product\/4630\/revisions"}],"predecessor-version":[{"id":9562,"href":"https:\/\/officeplan.pt\/pt\/wp-json\/wp\/v2\/product\/4630\/revisions\/9562"}],"wp:featuredmedia":[{"embeddable":true,"href":"https:\/\/officeplan.pt\/pt\/wp-json\/wp\/v2\/media\/9563"}],"wp:attachment":[{"href":"https:\/\/officeplan.pt\/pt\/wp-json\/wp\/v2\/media?parent=4630"}],"wp:term":[{"taxonomy":"product_brand","embeddable":true,"href":"https:\/\/officeplan.pt\/pt\/wp-json\/wp\/v2\/product_brand?post=4630"},{"taxonomy":"product_cat","embeddable":true,"href":"https:\/\/officeplan.pt\/pt\/wp-json\/wp\/v2\/product_cat?post=4630"},{"taxonomy":"product_tag","embeddable":true,"href":"https:\/\/officeplan.pt\/pt\/wp-json\/wp\/v2\/product_tag?post=4630"}],"curies":[{"name":"wp","href":"https:\/\/api.w.org\/{rel}","templated":true}]}}