{"id":4634,"date":"2016-09-04T20:59:18","date_gmt":"2016-09-04T20:59:18","guid":{"rendered":"https:\/\/b-tech.pt\/?post_type=product&#038;p=4634"},"modified":"2023-01-29T17:25:46","modified_gmt":"2023-01-29T17:25:46","slug":"cadeira-7","status":"publish","type":"product","link":"https:\/\/officeplan.pt\/pt\/produto\/cadeira-7\/","title":{"rendered":"Cadeira"},"content":{"rendered":"<p>Cadeira Adulto<\/p>\n<p>Empilh\u00e1vel<\/p>\n<p>Tubo de a\u00e7o redondo 19<\/p>\n<p>Casco em polipropileno<\/p>\n<p>C\/ palmat\u00f3ria desmont\u00e1vel em MDF laminado<\/p>\n<p>C\u00f4res diversas<\/p>\n","protected":false},"excerpt":{"rendered":"<p>Cadeira Adulto Empilh\u00e1vel Tubo de a\u00e7o redondo 19 Casco em polipropileno C\/ palmat\u00f3ria desmont\u00e1vel em MDF laminado C\u00f4res diversas<\/p>\n","protected":false},"featured_media":9567,"template":"","meta":[],"product_brand":[],"product_cat":[769,767],"product_tag":[664,697,703,686,709,710,700,705],"class_list":{"0":"post-4634","1":"product","2":"type-product","3":"status-publish","4":"has-post-thumbnail","6":"product_cat-cadeiras-escolares-mobiliario-escolar-mobiliario","7":"product_cat-mobiliario-escolar-mobiliario","8":"product_tag-construcoes","9":"product_tag-alunos","10":"product_tag-construtores","11":"product_tag-escolas-e-universidades","12":"product_tag-igreja","13":"product_tag-igreja-universal-do-reino-de-deus","14":"product_tag-jardim-infancia","15":"product_tag-professores","17":"first","18":"instock","19":"taxable","20":"shipping-taxable","21":"purchasable","22":"product-type-simple"},"aioseo_notices":[],"jetpack_sharing_enabled":true,"_links":{"self":[{"href":"https:\/\/officeplan.pt\/pt\/wp-json\/wp\/v2\/product\/4634","targetHints":{"allow":["GET"]}}],"collection":[{"href":"https:\/\/officeplan.pt\/pt\/wp-json\/wp\/v2\/product"}],"about":[{"href":"https:\/\/officeplan.pt\/pt\/wp-json\/wp\/v2\/types\/product"}],"version-history":[{"count":1,"href":"https:\/\/officeplan.pt\/pt\/wp-json\/wp\/v2\/product\/4634\/revisions"}],"predecessor-version":[{"id":9566,"href":"https:\/\/officeplan.pt\/pt\/wp-json\/wp\/v2\/product\/4634\/revisions\/9566"}],"wp:featuredmedia":[{"embeddable":true,"href":"https:\/\/officeplan.pt\/pt\/wp-json\/wp\/v2\/media\/9567"}],"wp:attachment":[{"href":"https:\/\/officeplan.pt\/pt\/wp-json\/wp\/v2\/media?parent=4634"}],"wp:term":[{"taxonomy":"product_brand","embeddable":true,"href":"https:\/\/officeplan.pt\/pt\/wp-json\/wp\/v2\/product_brand?post=4634"},{"taxonomy":"product_cat","embeddable":true,"href":"https:\/\/officeplan.pt\/pt\/wp-json\/wp\/v2\/product_cat?post=4634"},{"taxonomy":"product_tag","embeddable":true,"href":"https:\/\/officeplan.pt\/pt\/wp-json\/wp\/v2\/product_tag?post=4634"}],"curies":[{"name":"wp","href":"https:\/\/api.w.org\/{rel}","templated":true}]}}