{"id":4636,"date":"2016-09-04T21:31:47","date_gmt":"2016-09-04T21:31:47","guid":{"rendered":"https:\/\/b-tech.pt\/?post_type=product&#038;p=4636"},"modified":"2023-01-29T17:25:47","modified_gmt":"2023-01-29T17:25:47","slug":"cadeira-8","status":"publish","type":"product","link":"https:\/\/officeplan.pt\/pt\/produto\/cadeira-8\/","title":{"rendered":"Cadeira"},"content":{"rendered":"<p>Cadeira Pr\u00e9 &#8211; escolar<\/p>\n<p>Empilh\u00e1vel<\/p>\n<p>Tubo de a\u00e7o redondo 22<\/p>\n<p>Assento curvo na frente<\/p>\n<p>Costa &#8211; 352&#215;160<\/p>\n<p>Assento &#8211; L290xP330<\/p>\n<p>Altura &#8211; 270 a 360<\/p>\n<p>Casco em termolaminado ou contraplacado tola ou faia envernizado<\/p>\n","protected":false},"excerpt":{"rendered":"<p>Cadeira Pr\u00e9 &#8211; escolar Empilh\u00e1vel Tubo de a\u00e7o redondo 22 Assento curvo na frente Costa &#8211; 352&#215;160 Assento &#8211; L290xP330<\/p>\n","protected":false},"featured_media":9569,"template":"","meta":[],"product_brand":[],"product_cat":[769,767],"product_tag":[664,154,669,703,706,686,530,709,710,705,506],"class_list":{"0":"post-4636","1":"product","2":"type-product","3":"status-publish","4":"has-post-thumbnail","6":"product_cat-cadeiras-escolares-mobiliario-escolar-mobiliario","7":"product_cat-mobiliario-escolar-mobiliario","8":"product_tag-construcoes","9":"product_tag-cadeira-escritorio","10":"product_tag-cadeiras","11":"product_tag-construtores","12":"product_tag-escola","13":"product_tag-escolas-e-universidades","14":"product_tag-escritorio","15":"product_tag-igreja","16":"product_tag-igreja-universal-do-reino-de-deus","17":"product_tag-professores","18":"product_tag-sala","20":"first","21":"instock","22":"taxable","23":"shipping-taxable","24":"purchasable","25":"product-type-simple"},"aioseo_notices":[],"jetpack_sharing_enabled":true,"_links":{"self":[{"href":"https:\/\/officeplan.pt\/pt\/wp-json\/wp\/v2\/product\/4636","targetHints":{"allow":["GET"]}}],"collection":[{"href":"https:\/\/officeplan.pt\/pt\/wp-json\/wp\/v2\/product"}],"about":[{"href":"https:\/\/officeplan.pt\/pt\/wp-json\/wp\/v2\/types\/product"}],"version-history":[{"count":1,"href":"https:\/\/officeplan.pt\/pt\/wp-json\/wp\/v2\/product\/4636\/revisions"}],"predecessor-version":[{"id":9568,"href":"https:\/\/officeplan.pt\/pt\/wp-json\/wp\/v2\/product\/4636\/revisions\/9568"}],"wp:featuredmedia":[{"embeddable":true,"href":"https:\/\/officeplan.pt\/pt\/wp-json\/wp\/v2\/media\/9569"}],"wp:attachment":[{"href":"https:\/\/officeplan.pt\/pt\/wp-json\/wp\/v2\/media?parent=4636"}],"wp:term":[{"taxonomy":"product_brand","embeddable":true,"href":"https:\/\/officeplan.pt\/pt\/wp-json\/wp\/v2\/product_brand?post=4636"},{"taxonomy":"product_cat","embeddable":true,"href":"https:\/\/officeplan.pt\/pt\/wp-json\/wp\/v2\/product_cat?post=4636"},{"taxonomy":"product_tag","embeddable":true,"href":"https:\/\/officeplan.pt\/pt\/wp-json\/wp\/v2\/product_tag?post=4636"}],"curies":[{"name":"wp","href":"https:\/\/api.w.org\/{rel}","templated":true}]}}