{"id":4662,"date":"2016-09-04T22:35:14","date_gmt":"2016-09-04T22:35:14","guid":{"rendered":"https:\/\/b-tech.pt\/?post_type=product&#038;p=4662"},"modified":"2023-01-29T17:25:55","modified_gmt":"2023-01-29T17:25:55","slug":"cadeira-21","status":"publish","type":"product","link":"https:\/\/officeplan.pt\/pt\/produto\/cadeira-21\/","title":{"rendered":"Cadeira"},"content":{"rendered":"<p>Cadeira Pr\u00e9 &#8211; escolar<\/p>\n<p>Empilh\u00e1vel<\/p>\n<p>Tubo de a\u00e7o redondo 22<\/p>\n<p>Assento curvo na frente<\/p>\n<p>Amortecedores de borracha<\/p>\n<p>Costa \u2013 320\u00d7140<\/p>\n<p>Assento \u2013 L340xP295<\/p>\n<p>Altura \u2013 270 a 360<\/p>\n<p>assento revestido<\/p>\n","protected":false},"excerpt":{"rendered":"<p>Cadeira Pr\u00e9 &#8211; escolar Empilh\u00e1vel Tubo de a\u00e7o redondo 22 Assento curvo na frente Amortecedores de borracha Costa \u2013 320\u00d7140<\/p>\n","protected":false},"featured_media":9595,"template":"","meta":[],"product_brand":[],"product_cat":[769,767],"product_tag":[664,697,707,703,701,686,709,710,705,506],"class_list":{"0":"post-4662","1":"product","2":"type-product","3":"status-publish","4":"has-post-thumbnail","6":"product_cat-cadeiras-escolares-mobiliario-escolar-mobiliario","7":"product_cat-mobiliario-escolar-mobiliario","8":"product_tag-construcoes","9":"product_tag-alunos","10":"product_tag-congressos","11":"product_tag-construtores","12":"product_tag-escolar","13":"product_tag-escolas-e-universidades","14":"product_tag-igreja","15":"product_tag-igreja-universal-do-reino-de-deus","16":"product_tag-professores","17":"product_tag-sala","19":"first","20":"instock","21":"taxable","22":"shipping-taxable","23":"purchasable","24":"product-type-simple"},"aioseo_notices":[],"jetpack_sharing_enabled":true,"_links":{"self":[{"href":"https:\/\/officeplan.pt\/pt\/wp-json\/wp\/v2\/product\/4662","targetHints":{"allow":["GET"]}}],"collection":[{"href":"https:\/\/officeplan.pt\/pt\/wp-json\/wp\/v2\/product"}],"about":[{"href":"https:\/\/officeplan.pt\/pt\/wp-json\/wp\/v2\/types\/product"}],"version-history":[{"count":1,"href":"https:\/\/officeplan.pt\/pt\/wp-json\/wp\/v2\/product\/4662\/revisions"}],"predecessor-version":[{"id":9594,"href":"https:\/\/officeplan.pt\/pt\/wp-json\/wp\/v2\/product\/4662\/revisions\/9594"}],"wp:featuredmedia":[{"embeddable":true,"href":"https:\/\/officeplan.pt\/pt\/wp-json\/wp\/v2\/media\/9595"}],"wp:attachment":[{"href":"https:\/\/officeplan.pt\/pt\/wp-json\/wp\/v2\/media?parent=4662"}],"wp:term":[{"taxonomy":"product_brand","embeddable":true,"href":"https:\/\/officeplan.pt\/pt\/wp-json\/wp\/v2\/product_brand?post=4662"},{"taxonomy":"product_cat","embeddable":true,"href":"https:\/\/officeplan.pt\/pt\/wp-json\/wp\/v2\/product_cat?post=4662"},{"taxonomy":"product_tag","embeddable":true,"href":"https:\/\/officeplan.pt\/pt\/wp-json\/wp\/v2\/product_tag?post=4662"}],"curies":[{"name":"wp","href":"https:\/\/api.w.org\/{rel}","templated":true}]}}