{"id":4686,"date":"2016-09-04T23:28:07","date_gmt":"2016-09-04T23:28:07","guid":{"rendered":"https:\/\/b-tech.pt\/?post_type=product&#038;p=4686"},"modified":"2023-01-29T17:26:04","modified_gmt":"2023-01-29T17:26:04","slug":"mesa-desenho","status":"publish","type":"product","link":"https:\/\/officeplan.pt\/pt\/produto\/mesa-desenho\/","title":{"rendered":"Mesa Desenho"},"content":{"rendered":"<p>Mesa desenho<\/p>\n<p>Tubo de a\u00e7o redondo 32<\/p>\n<p>Aro de suporte ao tampo<\/p>\n<p>Tubo rectangular 35&#215;20<\/p>\n<p>Sub-tampo em melamina<\/p>\n<p>Eleva\u00e7\u00e3o atrav\u00e9s sistema dentado<\/p>\n<p>Altura &#8211; 750<\/p>\n<p>Tampos em termol. (22mm) contraface forrado a melamina<\/p>\n<p>ou<\/p>\n<p>Tampos em melamina 22mm<\/p>\n<p>Dispon\u00edveis nas medidas:<br \/>\n700&#215;600<br \/>\n800&#215;600<br \/>\n1200\u00d7600<\/p>\n<p>&nbsp;<\/p>\n","protected":false},"excerpt":{"rendered":"<p>Mesa desenho Tubo de a\u00e7o redondo 32 Aro de suporte ao tampo Tubo rectangular 35&#215;20 Sub-tampo em melamina Eleva\u00e7\u00e3o atrav\u00e9s<\/p>\n","protected":false},"featured_media":9619,"template":"","meta":[],"product_brand":[],"product_cat":[768,767],"product_tag":[664,704,707,703,701,686,709,710,503],"class_list":{"0":"post-4686","1":"product","2":"type-product","3":"status-publish","4":"has-post-thumbnail","6":"product_cat-mesas-escolares-mobiliario-escolar-mobiliario","7":"product_cat-mobiliario-escolar-mobiliario","8":"product_tag-construcoes","9":"product_tag-aulas","10":"product_tag-congressos","11":"product_tag-construtores","12":"product_tag-escolar","13":"product_tag-escolas-e-universidades","14":"product_tag-igreja","15":"product_tag-igreja-universal-do-reino-de-deus","16":"product_tag-mesas","18":"first","19":"instock","20":"taxable","21":"shipping-taxable","22":"purchasable","23":"product-type-simple"},"aioseo_notices":[],"jetpack_sharing_enabled":true,"_links":{"self":[{"href":"https:\/\/officeplan.pt\/pt\/wp-json\/wp\/v2\/product\/4686","targetHints":{"allow":["GET"]}}],"collection":[{"href":"https:\/\/officeplan.pt\/pt\/wp-json\/wp\/v2\/product"}],"about":[{"href":"https:\/\/officeplan.pt\/pt\/wp-json\/wp\/v2\/types\/product"}],"version-history":[{"count":1,"href":"https:\/\/officeplan.pt\/pt\/wp-json\/wp\/v2\/product\/4686\/revisions"}],"predecessor-version":[{"id":9618,"href":"https:\/\/officeplan.pt\/pt\/wp-json\/wp\/v2\/product\/4686\/revisions\/9618"}],"wp:featuredmedia":[{"embeddable":true,"href":"https:\/\/officeplan.pt\/pt\/wp-json\/wp\/v2\/media\/9619"}],"wp:attachment":[{"href":"https:\/\/officeplan.pt\/pt\/wp-json\/wp\/v2\/media?parent=4686"}],"wp:term":[{"taxonomy":"product_brand","embeddable":true,"href":"https:\/\/officeplan.pt\/pt\/wp-json\/wp\/v2\/product_brand?post=4686"},{"taxonomy":"product_cat","embeddable":true,"href":"https:\/\/officeplan.pt\/pt\/wp-json\/wp\/v2\/product_cat?post=4686"},{"taxonomy":"product_tag","embeddable":true,"href":"https:\/\/officeplan.pt\/pt\/wp-json\/wp\/v2\/product_tag?post=4686"}],"curies":[{"name":"wp","href":"https:\/\/api.w.org\/{rel}","templated":true}]}}