{"id":4795,"date":"2016-11-05T17:27:01","date_gmt":"2016-11-05T17:27:01","guid":{"rendered":"https:\/\/b-tech.pt\/?post_type=product&#038;p=4795"},"modified":"2023-01-29T17:26:05","modified_gmt":"2023-01-29T17:26:05","slug":"banco-regulavel-2","status":"publish","type":"product","link":"https:\/\/officeplan.pt\/pt\/produto\/banco-regulavel-2\/","title":{"rendered":"Banco Regul\u00e1vel"},"content":{"rendered":"<p>Banco regul\u00e1vel em altura<\/p>\n<p>Tubo de a\u00e7o 22<\/p>\n<p>Eleva\u00e7\u00e3o atrav\u00e9s de fuso roscado<\/p>\n","protected":false},"excerpt":{"rendered":"<p>Banco regul\u00e1vel em altura Tubo de a\u00e7o 22 Eleva\u00e7\u00e3o atrav\u00e9s de fuso roscado<\/p>\n","protected":false},"featured_media":9624,"template":"","meta":[],"product_brand":[],"product_cat":[770,767],"product_tag":[575,703,706,686,705],"class_list":{"0":"post-4795","1":"product","2":"type-product","3":"status-publish","4":"has-post-thumbnail","6":"product_cat-diversos-escolares-mobiliario-escolar-mobiliario","7":"product_cat-mobiliario-escolar-mobiliario","8":"product_tag-armazem","9":"product_tag-construtores","10":"product_tag-escola","11":"product_tag-escolas-e-universidades","12":"product_tag-professores","14":"first","15":"instock","16":"taxable","17":"shipping-taxable","18":"purchasable","19":"product-type-simple"},"aioseo_notices":[],"jetpack_sharing_enabled":true,"_links":{"self":[{"href":"https:\/\/officeplan.pt\/pt\/wp-json\/wp\/v2\/product\/4795","targetHints":{"allow":["GET"]}}],"collection":[{"href":"https:\/\/officeplan.pt\/pt\/wp-json\/wp\/v2\/product"}],"about":[{"href":"https:\/\/officeplan.pt\/pt\/wp-json\/wp\/v2\/types\/product"}],"version-history":[{"count":1,"href":"https:\/\/officeplan.pt\/pt\/wp-json\/wp\/v2\/product\/4795\/revisions"}],"predecessor-version":[{"id":9623,"href":"https:\/\/officeplan.pt\/pt\/wp-json\/wp\/v2\/product\/4795\/revisions\/9623"}],"wp:featuredmedia":[{"embeddable":true,"href":"https:\/\/officeplan.pt\/pt\/wp-json\/wp\/v2\/media\/9624"}],"wp:attachment":[{"href":"https:\/\/officeplan.pt\/pt\/wp-json\/wp\/v2\/media?parent=4795"}],"wp:term":[{"taxonomy":"product_brand","embeddable":true,"href":"https:\/\/officeplan.pt\/pt\/wp-json\/wp\/v2\/product_brand?post=4795"},{"taxonomy":"product_cat","embeddable":true,"href":"https:\/\/officeplan.pt\/pt\/wp-json\/wp\/v2\/product_cat?post=4795"},{"taxonomy":"product_tag","embeddable":true,"href":"https:\/\/officeplan.pt\/pt\/wp-json\/wp\/v2\/product_tag?post=4795"}],"curies":[{"name":"wp","href":"https:\/\/api.w.org\/{rel}","templated":true}]}}