{"id":4799,"date":"2016-11-05T17:36:57","date_gmt":"2016-11-05T17:36:57","guid":{"rendered":"https:\/\/b-tech.pt\/?post_type=product&#038;p=4799"},"modified":"2023-01-29T17:26:05","modified_gmt":"2023-01-29T17:26:05","slug":"banco-2","status":"publish","type":"product","link":"https:\/\/officeplan.pt\/pt\/produto\/banco-2\/","title":{"rendered":"Banco"},"content":{"rendered":"<p>Banco corrido de balne\u00e1rio<\/p>\n<p>Tubo de a\u00e7o redondo 25 mm<\/p>\n<p>Altura 450<br \/>\n<!-- Google Analytics Tracking by Google Analyticator 6.5.0: http:\/\/www.videousermanuals.com\/google-analyticator\/ --><script type=\"text\/javascript\">\/\/ <![CDATA[\nvar analyticsFileTypes = ['']; var analyticsSnippet = 'disabled'; var analyticsEventTracking = 'enabled';\n\/\/ ]]><\/script><script type=\"text\/javascript\">\/\/ <![CDATA[\n(function(i,s,o,g,r,a,m){i['GoogleAnalyticsObject']=r;i[r]=i[r]||function(){ (i[r].q=i[r].q||[]).push(arguments)},i[r].l=1*new Date();a=s.createElement(o), m=s.getElementsByTagName(o)[0];a.async=1;a.src=g;m.parentNode.insertBefore(a,m) })(window,document,'script','\/\/www.google-analytics.com\/analytics.js','ga'); ga('create', 'UA-83425513-1', 'auto'); ga('send', 'pageview');\n\/\/ ]]><\/script><\/p>\n<div id=\"wrapper\">\n<div class=\"shop-container\">\n<div id=\"product-4514\" class=\"post-4514 product type-product status-publish has-post-thumbnail product_cat-vestiarios-acessorios product_cat-mobiliario product_cat-mobiliario-de-escritorio product_cat-vestiarios-1 product_tag-balnearios product_tag-bancos product_tag-descanso product_tag-espaco product_tag-ginasio product_tag-piscina first instock featured taxable shipping-taxable product-type-simple\">\n<div class=\"product-container\">\n<div class=\"product-footer\">\n<div class=\"container\">\n<div class=\"woocommerce-tabs tabbed-content\">\n<div class=\"tab-panels\">\n<div id=\"tab-description\" class=\"panel entry-content active\">\n<p>Estrutura met\u00e1lica, pintado a epoxy<\/p>\n<p>Dispon\u00edveis nas medidas:<\/p>\n<p>1000&#215;300<\/p>\n<p>1200&#215;300<\/p>\n<\/div>\n<div class=\"panel entry-content active\">\n<p>1500&#215;300<\/p>\n<\/div>\n<div class=\"panel entry-content active\">\n<p>1600&#215;300<\/p>\n<\/div>\n<div class=\"panel entry-content active\">1800&#215;300<\/div>\n<\/div>\n<\/div>\n<\/div>\n<\/div>\n<\/div>\n<\/div>\n<\/div>\n<\/div>\n<p>&nbsp;<\/p>\n","protected":false},"excerpt":{"rendered":"<p>Banco corrido de balne\u00e1rio Tubo de a\u00e7o redondo 25 mm Altura 450 Estrutura met\u00e1lica, pintado a epoxy Dispon\u00edveis nas medidas:<\/p>\n","protected":false},"featured_media":9627,"template":"","meta":[],"product_brand":[],"product_cat":[766,103,762],"product_tag":[639,695,493,700,694],"class_list":{"0":"post-4799","1":"product","2":"type-product","3":"status-publish","4":"has-post-thumbnail","6":"product_cat-acessorios","7":"product_cat-mobiliario","8":"product_cat-vestiarios-mobiliario-de-escritorio-mobiliario","9":"product_tag-balnearios","10":"product_tag-banco-balneario","11":"product_tag-jardim","12":"product_tag-jardim-infancia","13":"product_tag-piscinas","15":"first","16":"instock","17":"taxable","18":"shipping-taxable","19":"purchasable","20":"product-type-simple"},"aioseo_notices":[],"jetpack_sharing_enabled":true,"_links":{"self":[{"href":"https:\/\/officeplan.pt\/pt\/wp-json\/wp\/v2\/product\/4799","targetHints":{"allow":["GET"]}}],"collection":[{"href":"https:\/\/officeplan.pt\/pt\/wp-json\/wp\/v2\/product"}],"about":[{"href":"https:\/\/officeplan.pt\/pt\/wp-json\/wp\/v2\/types\/product"}],"version-history":[{"count":1,"href":"https:\/\/officeplan.pt\/pt\/wp-json\/wp\/v2\/product\/4799\/revisions"}],"predecessor-version":[{"id":9626,"href":"https:\/\/officeplan.pt\/pt\/wp-json\/wp\/v2\/product\/4799\/revisions\/9626"}],"wp:featuredmedia":[{"embeddable":true,"href":"https:\/\/officeplan.pt\/pt\/wp-json\/wp\/v2\/media\/9627"}],"wp:attachment":[{"href":"https:\/\/officeplan.pt\/pt\/wp-json\/wp\/v2\/media?parent=4799"}],"wp:term":[{"taxonomy":"product_brand","embeddable":true,"href":"https:\/\/officeplan.pt\/pt\/wp-json\/wp\/v2\/product_brand?post=4799"},{"taxonomy":"product_cat","embeddable":true,"href":"https:\/\/officeplan.pt\/pt\/wp-json\/wp\/v2\/product_cat?post=4799"},{"taxonomy":"product_tag","embeddable":true,"href":"https:\/\/officeplan.pt\/pt\/wp-json\/wp\/v2\/product_tag?post=4799"}],"curies":[{"name":"wp","href":"https:\/\/api.w.org\/{rel}","templated":true}]}}