{"id":4831,"date":"2016-11-08T09:52:20","date_gmt":"2016-11-08T09:52:20","guid":{"rendered":"https:\/\/b-tech.pt\/?post_type=product&#038;p=4831"},"modified":"2023-01-29T17:26:09","modified_gmt":"2023-01-29T17:26:09","slug":"banco-alto-2","status":"publish","type":"product","link":"https:\/\/officeplan.pt\/pt\/produto\/banco-alto-2\/","title":{"rendered":"Banco Alto"},"content":{"rendered":"<p>Banco vesti\u00e1rio<\/p>\n<p>Tubo de a\u00e7o quadrado 25 mm<\/p>\n<p>R\u00e9gua superior com cabides em metal<\/p>\n<p>Assento e costa em r\u00e9guas<\/p>\n<p>Altura\u00a01800<\/p>\n<div id=\"wrapper\">\n<div class=\"shop-container\">\n<div id=\"product-4514\" class=\"post-4514 product type-product status-publish has-post-thumbnail product_cat-vestiarios-acessorios product_cat-mobiliario product_cat-mobiliario-de-escritorio product_cat-vestiarios-1 product_tag-balnearios product_tag-bancos product_tag-descanso product_tag-espaco product_tag-ginasio product_tag-piscina first instock featured taxable shipping-taxable product-type-simple\">\n<div class=\"product-container\">\n<div class=\"product-footer\">\n<div class=\"container\">\n<div class=\"woocommerce-tabs tabbed-content\">\n<div class=\"tab-panels\">\n<div id=\"tab-description\" class=\"panel entry-content active\">\n<p>Estrutura met\u00e1lica, pintado a epoxy<\/p>\n<p>Dispon\u00edveis nas medidas:<\/p>\n<p>1200&#215;400<\/p>\n<\/div>\n<div class=\"panel entry-content active\">\n<p>1500&#215;400<\/p>\n<\/div>\n<div class=\"panel entry-content active\">\n<p>1800&#215;400<\/p>\n<\/div>\n<div class=\"panel entry-content active\">2000&#215;400<\/div>\n<\/div>\n<\/div>\n<\/div>\n<\/div>\n<\/div>\n<\/div>\n<\/div>\n<\/div>\n","protected":false},"excerpt":{"rendered":"<p>Banco vesti\u00e1rio Tubo de a\u00e7o quadrado 25 mm R\u00e9gua superior com cabides em metal Assento e costa em r\u00e9guas Altura\u00a01800<\/p>\n","protected":false},"featured_media":9639,"template":"","meta":[],"product_brand":[],"product_cat":[766,103,762],"product_tag":[664,652,628,733,694,634],"class_list":{"0":"post-4831","1":"product","2":"type-product","3":"status-publish","4":"has-post-thumbnail","6":"product_cat-acessorios","7":"product_cat-mobiliario","8":"product_cat-vestiarios-mobiliario-de-escritorio-mobiliario","9":"product_tag-construcoes","10":"product_tag-bancos","11":"product_tag-desporto","12":"product_tag-jardins","13":"product_tag-piscinas","14":"product_tag-vestiarios","16":"first","17":"instock","18":"taxable","19":"shipping-taxable","20":"purchasable","21":"product-type-simple"},"aioseo_notices":[],"jetpack_sharing_enabled":true,"_links":{"self":[{"href":"https:\/\/officeplan.pt\/pt\/wp-json\/wp\/v2\/product\/4831","targetHints":{"allow":["GET"]}}],"collection":[{"href":"https:\/\/officeplan.pt\/pt\/wp-json\/wp\/v2\/product"}],"about":[{"href":"https:\/\/officeplan.pt\/pt\/wp-json\/wp\/v2\/types\/product"}],"version-history":[{"count":1,"href":"https:\/\/officeplan.pt\/pt\/wp-json\/wp\/v2\/product\/4831\/revisions"}],"predecessor-version":[{"id":9638,"href":"https:\/\/officeplan.pt\/pt\/wp-json\/wp\/v2\/product\/4831\/revisions\/9638"}],"wp:featuredmedia":[{"embeddable":true,"href":"https:\/\/officeplan.pt\/pt\/wp-json\/wp\/v2\/media\/9639"}],"wp:attachment":[{"href":"https:\/\/officeplan.pt\/pt\/wp-json\/wp\/v2\/media?parent=4831"}],"wp:term":[{"taxonomy":"product_brand","embeddable":true,"href":"https:\/\/officeplan.pt\/pt\/wp-json\/wp\/v2\/product_brand?post=4831"},{"taxonomy":"product_cat","embeddable":true,"href":"https:\/\/officeplan.pt\/pt\/wp-json\/wp\/v2\/product_cat?post=4831"},{"taxonomy":"product_tag","embeddable":true,"href":"https:\/\/officeplan.pt\/pt\/wp-json\/wp\/v2\/product_tag?post=4831"}],"curies":[{"name":"wp","href":"https:\/\/api.w.org\/{rel}","templated":true}]}}