{"id":4840,"date":"2016-11-08T10:42:53","date_gmt":"2016-11-08T10:42:53","guid":{"rendered":"https:\/\/b-tech.pt\/?post_type=product&#038;p=4840"},"modified":"2023-01-29T17:26:10","modified_gmt":"2023-01-29T17:26:10","slug":"reguas-3","status":"publish","type":"product","link":"https:\/\/officeplan.pt\/pt\/produto\/reguas-3\/","title":{"rendered":"R\u00e9guas"},"content":{"rendered":"<p><script src=\"\/\/www.google-analytics.com\/analytics.js\" async=\"\"><\/script><script src=\"\/\/www.google-analytics.com\/analytics.js\" async=\"\"><\/script><script src=\"https:\/\/ajax.googleapis.com\/ajax\/libs\/webfont\/1\/webfont.js\" async=\"\" type=\"text\/javascript\"><\/script><script type=\"text\/javascript\">\/\/ <![CDATA[\ndocument.documentElement.className = document.documentElement.className + ' yes-js js_active js'\n\/\/ ]]><\/script><script>\/\/ <![CDATA[\n(function(html){html.className = html.className.replace(\/bno-jsb\/,'js')})(document.documentElement);\n\/\/ ]]><\/script>Prateleira para fixar \u00e1 parede<\/p>\n<p>Tubo de a\u00e7o quadrado de 30<\/p>\n<p>Cabides em metal ou polipropileno em r\u00e9guas<\/p>\n<div id=\"wrapper\">\n<div class=\"shop-container\">\n<div id=\"product-4836\" class=\"post-4836 product type-product status-publish has-post-thumbnail product_cat-vestiarios-acessorios product_cat-mobiliario product_cat-vestiarios-1 product_tag-cabides product_tag-casacos product_tag-escolas-e-universidades product_tag-roupeiros first instock taxable shipping-taxable product-type-simple\">\n<div class=\"product-container\">\n<div class=\"product-footer\">\n<div class=\"container\">\n<div class=\"woocommerce-tabs tabbed-content\">\n<div class=\"tab-panels\">\n<div id=\"tab-description\" class=\"panel entry-content active\">\n<div id=\"wrapper\">\n<div class=\"shop-container\">\n<div id=\"product-4514\" class=\"post-4514 product type-product status-publish has-post-thumbnail product_cat-vestiarios-acessorios product_cat-mobiliario product_cat-mobiliario-de-escritorio product_cat-vestiarios-1 product_tag-balnearios product_tag-bancos product_tag-descanso product_tag-espaco product_tag-ginasio product_tag-piscina first instock featured taxable shipping-taxable product-type-simple\">\n<div class=\"product-container\">\n<div class=\"product-footer\">\n<div class=\"container\">\n<div class=\"woocommerce-tabs tabbed-content\">\n<div class=\"tab-panels\">\n<div id=\"tab-description\" class=\"panel entry-content active\">\n<p>Dispon\u00edveis nas medidas:<\/p>\n<p>1200\u00d7300<\/p>\n<\/div>\n<div class=\"panel entry-content active\">\n<p>1500\u00d7300<\/p>\n<\/div>\n<div class=\"panel entry-content active\">\n<p>1800\u00d7300<\/p>\n<\/div>\n<\/div>\n<\/div>\n<\/div>\n<\/div>\n<\/div>\n<\/div>\n<\/div>\n<\/div>\n<\/div>\n<\/div>\n<\/div>\n<\/div>\n<\/div>\n<\/div>\n<\/div>\n<\/div>\n<\/div>\n","protected":false},"excerpt":{"rendered":"<p>Prateleira para fixar \u00e1 parede Tubo de a\u00e7o quadrado de 30 Cabides em metal ou polipropileno em r\u00e9guas Dispon\u00edveis nas<\/p>\n","protected":false},"featured_media":9647,"template":"","meta":[],"product_brand":[],"product_cat":[766,103,762],"product_tag":[734,490,686,694,634],"class_list":{"0":"post-4840","1":"product","2":"type-product","3":"status-publish","4":"has-post-thumbnail","6":"product_cat-acessorios","7":"product_cat-mobiliario","8":"product_cat-vestiarios-mobiliario-de-escritorio-mobiliario","9":"product_tag-cabides","10":"product_tag-casacos","11":"product_tag-escolas-e-universidades","12":"product_tag-piscinas","13":"product_tag-vestiarios","15":"first","16":"instock","17":"taxable","18":"shipping-taxable","19":"purchasable","20":"product-type-simple"},"aioseo_notices":[],"jetpack_sharing_enabled":true,"_links":{"self":[{"href":"https:\/\/officeplan.pt\/pt\/wp-json\/wp\/v2\/product\/4840","targetHints":{"allow":["GET"]}}],"collection":[{"href":"https:\/\/officeplan.pt\/pt\/wp-json\/wp\/v2\/product"}],"about":[{"href":"https:\/\/officeplan.pt\/pt\/wp-json\/wp\/v2\/types\/product"}],"version-history":[{"count":1,"href":"https:\/\/officeplan.pt\/pt\/wp-json\/wp\/v2\/product\/4840\/revisions"}],"predecessor-version":[{"id":9646,"href":"https:\/\/officeplan.pt\/pt\/wp-json\/wp\/v2\/product\/4840\/revisions\/9646"}],"wp:featuredmedia":[{"embeddable":true,"href":"https:\/\/officeplan.pt\/pt\/wp-json\/wp\/v2\/media\/9647"}],"wp:attachment":[{"href":"https:\/\/officeplan.pt\/pt\/wp-json\/wp\/v2\/media?parent=4840"}],"wp:term":[{"taxonomy":"product_brand","embeddable":true,"href":"https:\/\/officeplan.pt\/pt\/wp-json\/wp\/v2\/product_brand?post=4840"},{"taxonomy":"product_cat","embeddable":true,"href":"https:\/\/officeplan.pt\/pt\/wp-json\/wp\/v2\/product_cat?post=4840"},{"taxonomy":"product_tag","embeddable":true,"href":"https:\/\/officeplan.pt\/pt\/wp-json\/wp\/v2\/product_tag?post=4840"}],"curies":[{"name":"wp","href":"https:\/\/api.w.org\/{rel}","templated":true}]}}