{"id":4862,"date":"2016-11-25T10:31:08","date_gmt":"2016-11-25T10:31:08","guid":{"rendered":"https:\/\/b-tech.pt\/?post_type=product&#038;p=4862"},"modified":"2023-01-29T17:26:14","modified_gmt":"2023-01-29T17:26:14","slug":"sofa-duplo-2","status":"publish","type":"product","link":"https:\/\/officeplan.pt\/pt\/produto\/sofa-duplo-2\/","title":{"rendered":"Sof\u00e1 duplo"},"content":{"rendered":"<p><script src=\"\/\/www.google-analytics.com\/analytics.js\" async=\"\"><\/script><script src=\"\/\/www.google-analytics.com\/analytics.js\" async=\"\"><\/script><script src=\"https:\/\/ajax.googleapis.com\/ajax\/libs\/webfont\/1\/webfont.js\" async=\"\" type=\"text\/javascript\"><\/script><script type=\"text\/javascript\">\/\/ <![CDATA[\ndocument.documentElement.className = document.documentElement.className + ' yes-js js_active js'\n\/\/ ]]><\/script><script>\/\/ <![CDATA[\n(function(html){html.className = html.className.replace(\/bno-jsb\/,'js')})(document.documentElement);\n\/\/ ]]><\/script>Sof\u00e1 duplo\u00a0<!-- Google Analytics Tracking by Google Analyticator 6.5.0: http:\/\/www.videousermanuals.com\/google-analyticator\/ --><script type=\"text\/javascript\">\/\/ <![CDATA[\n    var analyticsFileTypes = [''];\n    var analyticsSnippet = 'disabled';\n    var analyticsEventTracking = 'enabled';\n\/\/ ]]><\/script><script type=\"text\/javascript\">\/\/ <![CDATA[\n\t(function(i,s,o,g,r,a,m){i['GoogleAnalyticsObject']=r;i[r]=i[r]||function(){\n\t(i[r].q=i[r].q||[]).push(arguments)},i[r].l=1*new Date();a=s.createElement(o),\n\tm=s.getElementsByTagName(o)[0];a.async=1;a.src=g;m.parentNode.insertBefore(a,m)\n\t})(window,document,'script','\/\/www.google-analytics.com\/analytics.js','ga');\n\tga('create', 'UA-83425513-1', 'auto');\n \n\tga('send', 'pageview');\n\/\/ ]]><\/script><\/p>\n<div id=\"wrapper\">\n<div class=\"shop-container\">\n<div id=\"product-4860\" class=\"post-4860 product type-product status-publish has-post-thumbnail product_cat-cadeira-hotelaria product_cat-mobiliario-de-hotelaria product_tag-bar product_tag-cadeira-hotelaria product_tag-cafe product_tag-diversao product_tag-mobiliario product_tag-restaurante first instock taxable shipping-taxable product-type-simple\">\n<div class=\"product-container\">\n<div class=\"product-footer\">\n<div class=\"container\">\n<div class=\"woocommerce-tabs tabbed-content\">\n<div class=\"tab-panels\">\n<div id=\"tab-description\" class=\"panel entry-content active\">\n<p>Sof\u00e1 Dupla Face<\/p>\n<p>Tubo de a\u00e7o rectangular 20\u00d710<\/p>\n<p>Assento almofadado<\/p>\n<p>Pintura Epoxy<\/p>\n<p>Costa \u2013 1000<\/p>\n<p>Assento\u00a0\u2013 1050<\/p>\n<p>Altura \u2013 450<\/p>\n<p>Comprimento \u2013 1200<\/p>\n<\/div>\n<\/div>\n<\/div>\n<\/div>\n<\/div>\n<\/div>\n<\/div>\n<\/div>\n<\/div>\n","protected":false},"excerpt":{"rendered":"<p>Sof\u00e1 duplo\u00a0 Sof\u00e1 Dupla Face Tubo de a\u00e7o rectangular 20\u00d710 Assento almofadado Pintura Epoxy Costa \u2013 1000 Assento\u00a0\u2013 1050 Altura<\/p>\n","protected":false},"featured_media":9657,"template":"","meta":[],"product_brand":[],"product_cat":[745,743],"product_tag":[688,481,597,735,630,596],"class_list":{"0":"post-4862","1":"product","2":"type-product","3":"status-publish","4":"has-post-thumbnail","6":"product_cat-cadeira-hotelaria-mobiliario-de-hotelaria-mobiliario","7":"product_cat-mobiliario-de-hotelaria-mobiliario","8":"product_tag-bares","9":"product_tag-cadeira-hotelaria","10":"product_tag-cafe","11":"product_tag-diversao","12":"product_tag-esplanada","13":"product_tag-restaurante","15":"first","16":"instock","17":"taxable","18":"shipping-taxable","19":"purchasable","20":"product-type-simple"},"aioseo_notices":[],"jetpack_sharing_enabled":true,"_links":{"self":[{"href":"https:\/\/officeplan.pt\/pt\/wp-json\/wp\/v2\/product\/4862","targetHints":{"allow":["GET"]}}],"collection":[{"href":"https:\/\/officeplan.pt\/pt\/wp-json\/wp\/v2\/product"}],"about":[{"href":"https:\/\/officeplan.pt\/pt\/wp-json\/wp\/v2\/types\/product"}],"version-history":[{"count":1,"href":"https:\/\/officeplan.pt\/pt\/wp-json\/wp\/v2\/product\/4862\/revisions"}],"predecessor-version":[{"id":9656,"href":"https:\/\/officeplan.pt\/pt\/wp-json\/wp\/v2\/product\/4862\/revisions\/9656"}],"wp:featuredmedia":[{"embeddable":true,"href":"https:\/\/officeplan.pt\/pt\/wp-json\/wp\/v2\/media\/9657"}],"wp:attachment":[{"href":"https:\/\/officeplan.pt\/pt\/wp-json\/wp\/v2\/media?parent=4862"}],"wp:term":[{"taxonomy":"product_brand","embeddable":true,"href":"https:\/\/officeplan.pt\/pt\/wp-json\/wp\/v2\/product_brand?post=4862"},{"taxonomy":"product_cat","embeddable":true,"href":"https:\/\/officeplan.pt\/pt\/wp-json\/wp\/v2\/product_cat?post=4862"},{"taxonomy":"product_tag","embeddable":true,"href":"https:\/\/officeplan.pt\/pt\/wp-json\/wp\/v2\/product_tag?post=4862"}],"curies":[{"name":"wp","href":"https:\/\/api.w.org\/{rel}","templated":true}]}}