{"id":4971,"date":"2017-04-28T09:35:51","date_gmt":"2017-04-28T09:35:51","guid":{"rendered":"https:\/\/b-tech.pt\/?post_type=product&#038;p=4971"},"modified":"2023-01-29T17:26:29","modified_gmt":"2023-01-29T17:26:29","slug":"secretaria-excentric","status":"publish","type":"product","link":"https:\/\/officeplan.pt\/pt\/produto\/secretaria-excentric\/","title":{"rendered":"Secret\u00e1ria Excentric"},"content":{"rendered":"<p>Secret\u00e1ria Excentric<br \/>\nestrutura em A\u00e7o Lacado<br \/>\nCor Ral<br \/>\nVidro da secret\u00e1ria temperado e com espessura de 8mm<br \/>\nMedias dispon\u00edveis 1700x800x760  <\/p>\n","protected":false},"excerpt":{"rendered":"<p>Secret\u00e1ria Excentric estrutura em A\u00e7o Lacado Cor Ral Vidro da secret\u00e1ria temperado e com espessura de 8mm Medias dispon\u00edveis 1700x800x760<\/p>\n","protected":false},"featured_media":9721,"template":"","meta":[],"product_brand":[],"product_cat":[103,753,754],"product_tag":[530,539,740,536,531],"class_list":{"0":"post-4971","1":"product","2":"type-product","3":"status-publish","4":"has-post-thumbnail","6":"product_cat-mobiliario","7":"product_cat-mobiliario-de-escritorio-mobiliario","8":"product_cat-mobiliario-direcao-mobiliario-de-escritorio-mobiliario","9":"product_tag-escritorio","10":"product_tag-mobiliario-de-escritorio","11":"product_tag-officeplan","12":"product_tag-secretaria","13":"product_tag-secretaria-direcao","15":"first","16":"instock","17":"taxable","18":"shipping-taxable","19":"product-type-external"},"aioseo_notices":[],"jetpack_sharing_enabled":true,"_links":{"self":[{"href":"https:\/\/officeplan.pt\/pt\/wp-json\/wp\/v2\/product\/4971","targetHints":{"allow":["GET"]}}],"collection":[{"href":"https:\/\/officeplan.pt\/pt\/wp-json\/wp\/v2\/product"}],"about":[{"href":"https:\/\/officeplan.pt\/pt\/wp-json\/wp\/v2\/types\/product"}],"version-history":[{"count":1,"href":"https:\/\/officeplan.pt\/pt\/wp-json\/wp\/v2\/product\/4971\/revisions"}],"predecessor-version":[{"id":9720,"href":"https:\/\/officeplan.pt\/pt\/wp-json\/wp\/v2\/product\/4971\/revisions\/9720"}],"wp:featuredmedia":[{"embeddable":true,"href":"https:\/\/officeplan.pt\/pt\/wp-json\/wp\/v2\/media\/9721"}],"wp:attachment":[{"href":"https:\/\/officeplan.pt\/pt\/wp-json\/wp\/v2\/media?parent=4971"}],"wp:term":[{"taxonomy":"product_brand","embeddable":true,"href":"https:\/\/officeplan.pt\/pt\/wp-json\/wp\/v2\/product_brand?post=4971"},{"taxonomy":"product_cat","embeddable":true,"href":"https:\/\/officeplan.pt\/pt\/wp-json\/wp\/v2\/product_cat?post=4971"},{"taxonomy":"product_tag","embeddable":true,"href":"https:\/\/officeplan.pt\/pt\/wp-json\/wp\/v2\/product_tag?post=4971"}],"curies":[{"name":"wp","href":"https:\/\/api.w.org\/{rel}","templated":true}]}}