{"id":4985,"date":"2017-04-28T10:00:04","date_gmt":"2017-04-28T10:00:04","guid":{"rendered":"https:\/\/b-tech.pt\/?post_type=product&#038;p=4985"},"modified":"2023-04-20T16:29:27","modified_gmt":"2023-04-20T16:29:27","slug":"secretaria-simplicity","status":"publish","type":"product","link":"https:\/\/officeplan.pt\/pt\/produto\/secretaria-simplicity\/","title":{"rendered":"Secret\u00e1ria Simplicity"},"content":{"rendered":"<p>Secret\u00e1ria Simplicity<br \/>\nestrutura em A\u00e7o Lacado<br \/>\nCor Ral<br \/>\nVidro da secret\u00e1ria temperado e com espessura de 8mm<br \/>\nMedias dispon\u00edveis 1700x800x760<\/p>\n","protected":false},"excerpt":{"rendered":"<p>Secret\u00e1ria Simplicity estrutura em A\u00e7o Lacado Cor Ral Vidro da secret\u00e1ria temperado e com espessura de 8mm Medias dispon\u00edveis 1700x800x760<\/p>\n","protected":false},"featured_media":9731,"template":"","meta":[],"product_brand":[],"product_cat":[103,753,754],"product_tag":[529,539,536,531],"class_list":{"0":"post-4985","1":"product","2":"type-product","3":"status-publish","4":"has-post-thumbnail","6":"product_cat-mobiliario","7":"product_cat-mobiliario-de-escritorio-mobiliario","8":"product_cat-mobiliario-direcao-mobiliario-de-escritorio-mobiliario","9":"product_tag-mobiliario","10":"product_tag-mobiliario-de-escritorio","11":"product_tag-secretaria","12":"product_tag-secretaria-direcao","14":"first","15":"instock","16":"taxable","17":"shipping-taxable","18":"purchasable","19":"product-type-variable"},"aioseo_notices":[],"jetpack_sharing_enabled":true,"_links":{"self":[{"href":"https:\/\/officeplan.pt\/pt\/wp-json\/wp\/v2\/product\/4985","targetHints":{"allow":["GET"]}}],"collection":[{"href":"https:\/\/officeplan.pt\/pt\/wp-json\/wp\/v2\/product"}],"about":[{"href":"https:\/\/officeplan.pt\/pt\/wp-json\/wp\/v2\/types\/product"}],"version-history":[{"count":2,"href":"https:\/\/officeplan.pt\/pt\/wp-json\/wp\/v2\/product\/4985\/revisions"}],"predecessor-version":[{"id":9877,"href":"https:\/\/officeplan.pt\/pt\/wp-json\/wp\/v2\/product\/4985\/revisions\/9877"}],"wp:featuredmedia":[{"embeddable":true,"href":"https:\/\/officeplan.pt\/pt\/wp-json\/wp\/v2\/media\/9731"}],"wp:attachment":[{"href":"https:\/\/officeplan.pt\/pt\/wp-json\/wp\/v2\/media?parent=4985"}],"wp:term":[{"taxonomy":"product_brand","embeddable":true,"href":"https:\/\/officeplan.pt\/pt\/wp-json\/wp\/v2\/product_brand?post=4985"},{"taxonomy":"product_cat","embeddable":true,"href":"https:\/\/officeplan.pt\/pt\/wp-json\/wp\/v2\/product_cat?post=4985"},{"taxonomy":"product_tag","embeddable":true,"href":"https:\/\/officeplan.pt\/pt\/wp-json\/wp\/v2\/product_tag?post=4985"}],"curies":[{"name":"wp","href":"https:\/\/api.w.org\/{rel}","templated":true}]}}